{"id":184,"date":"2025-07-21T08:38:14","date_gmt":"2025-07-21T08:38:14","guid":{"rendered":"http:\/\/localhost:10064\/?page_id=184"},"modified":"2026-02-03T14:13:27","modified_gmt":"2026-02-03T14:13:27","slug":"keramisk-coating","status":"publish","type":"page","link":"https:\/\/okernbilpleie.no\/en\/keramisk-coating\/","title":{"rendered":"Keramisk coating"},"content":{"rendered":"<div data-elementor-type=\"wp-page\" data-elementor-id=\"184\" class=\"elementor elementor-184\">\n\t\t\t\t<div class=\"elementor-element elementor-element-81c3a71 e-con-full e-flex e-con e-parent\" data-id=\"81c3a71\" data-element_type=\"container\" data-settings=\"{&quot;background_background&quot;:&quot;classic&quot;}\">\n\t\t<div class=\"elementor-element elementor-element-969b24a e-con-full e-flex e-con e-child\" data-id=\"969b24a\" data-element_type=\"container\">\n\t\t\t\t<div class=\"elementor-element elementor-element-61e5dee elementor-widget elementor-widget-react-heading\" data-id=\"61e5dee\" data-element_type=\"widget\" data-widget_type=\"react-heading.default\">\n\t\t\t\t<div class=\"elementor-widget-container\">\n\t\t\t\t\t\r\n\t\t<div class=\"react-heading\">\r\n\t\t    <div class=\"rts__section__inner\">\r\n\t\t\t   <span class=\"rts__section__subtitle wow animated fadeInUp\" data-wow-delay=\"0ms\" data-wow-duration=\"ms\">QUALITY THAT LASTS<\/span>\r\n\t\t    <h1 class=\"rts__section__title wow animated fadeInUp\" data-wow-delay=\"0ms\" data-wow-duration=\"ms\">Ceramic coating \u2013 long-lasting protection<\/h1>\t\t\t   <div class=\"rts__section__description wow animated fadeInUp\" data-wow-delay=\"0ms\" data-wow-duration=\"ms\"><p class=\"translation-block\">We offer ceramic coating for those who want maximum protection and gloss over time.\nThe coating we use is from a leading provider in Norway, developed for Nordic conditions, and provides up to 7 years of durability with proper maintenance.<\/p><\/div>\t\t    <\/div>\r\n\t\t<\/div>\r\n\t\t\t\t\t\t<\/div>\n\t\t\t\t<\/div>\n\t\t\t\t<div class=\"elementor-element elementor-element-44f0df0 elementor-invisible elementor-widget elementor-widget-rt-button\" data-id=\"44f0df0\" data-element_type=\"widget\" data-settings=\"{&quot;_animation&quot;:&quot;fadeInUp&quot;}\" data-widget_type=\"rt-button.default\">\n\t\t\t\t<div class=\"elementor-widget-container\">\n\t\t\t\t\t          \r\n          <a class=\"rts__main__btn\" href=\"\/en\/bestill-time\/\" data-hover=\"Bestill time\">\r\n          <span>Book an appointment<\/span>\r\n          <\/a>\t\t\t\t<\/div>\n\t\t\t\t<\/div>\n\t\t\t\t<\/div>\n\t\t<div class=\"elementor-element elementor-element-4c33410 e-con-full e-flex e-con e-child\" data-id=\"4c33410\" data-element_type=\"container\">\n\t\t\t\t<div class=\"elementor-element elementor-element-94b9519 rtimg-contain elementor-widget elementor-widget-image\" data-id=\"94b9519\" data-element_type=\"widget\" data-widget_type=\"image.default\">\n\t\t\t\t\t\t\t\t\t\t\t\t\t\t\t<img fetchpriority=\"high\" decoding=\"async\" width=\"1000\" height=\"1000\" src=\"https:\/\/okernbilpleie.no\/wp-content\/uploads\/2026\/01\/bilvask453-opt-cr.jpg\" class=\"attachment-full size-full wp-image-3993\" alt=\"\" \/>\t\t\t\t\t\t\t\t\t\t\t\t\t\t\t<\/div>\n\t\t\t\t<\/div>\n\t\t\t\t<\/div>\n\t\t<div class=\"elementor-element elementor-element-048765f e-flex e-con-boxed e-con e-parent\" data-id=\"048765f\" data-element_type=\"container\" data-settings=\"{&quot;background_background&quot;:&quot;classic&quot;}\">\n\t\t\t\t\t<div class=\"e-con-inner\">\n\t\t<div class=\"elementor-element elementor-element-5058ad0 e-grid e-con-full e-con e-child\" data-id=\"5058ad0\" data-element_type=\"container\">\n\t\t<div class=\"elementor-element elementor-element-99d812a e-con-full e-flex e-con e-child\" data-id=\"99d812a\" data-element_type=\"container\" data-settings=\"{&quot;background_background&quot;:&quot;classic&quot;}\">\n\t\t\t\t<div class=\"elementor-element elementor-element-4cb8291 rtimg-contain elementor-widget elementor-widget-image\" data-id=\"4cb8291\" data-element_type=\"widget\" data-widget_type=\"image.default\">\n\t\t\t\t\t\t\t\t\t\t\t\t\t\t\t<img decoding=\"async\" width=\"677\" height=\"166\" src=\"https:\/\/okernbilpleie.no\/wp-content\/uploads\/2026\/02\/Outlook-gaqyxyjs.png\" class=\"attachment-full size-full wp-image-4225\" alt=\"\" \/>\t\t\t\t\t\t\t\t\t\t\t\t\t\t\t<\/div>\n\t\t\t\t<\/div>\n\t\t\t\t<\/div>\n\t\t\t\t\t<\/div>\n\t\t\t\t<\/div>\n\t\t<div class=\"elementor-element elementor-element-697ffb7 e-flex e-con-boxed e-con e-parent\" data-id=\"697ffb7\" data-element_type=\"container\" data-settings=\"{&quot;background_background&quot;:&quot;classic&quot;}\">\n\t\t\t\t\t<div class=\"e-con-inner\">\n\t\t<div class=\"elementor-element elementor-element-d937764 e-con-full e-flex e-con e-child\" data-id=\"d937764\" data-element_type=\"container\">\n\t\t<div class=\"elementor-element elementor-element-4121811 e-con-full e-flex elementor-invisible e-con e-child\" data-id=\"4121811\" data-element_type=\"container\" data-settings=\"{&quot;animation&quot;:&quot;zoomIn&quot;}\">\n\t\t\t\t<div class=\"elementor-element elementor-element-d7bbb82 rtimg-contain elementor-invisible elementor-widget elementor-widget-image\" data-id=\"d7bbb82\" data-element_type=\"widget\" data-settings=\"{&quot;_animation&quot;:&quot;scaleIn&quot;}\" data-widget_type=\"image.default\">\n\t\t\t\t\t\t\t\t\t\t\t\t\t\t\t<img decoding=\"async\" width=\"640\" height=\"648\" src=\"https:\/\/okernbilpleie.no\/wp-content\/uploads\/2026\/02\/P1_Apexgruppe_speil.png\" class=\"attachment-large size-large wp-image-4222\" alt=\"\" \/>\t\t\t\t\t\t\t\t\t\t\t\t\t\t\t<\/div>\n\t\t\t\t<\/div>\n\t\t<div class=\"elementor-element elementor-element-5468ff8 e-con-full e-flex elementor-invisible e-con e-child\" data-id=\"5468ff8\" data-element_type=\"container\" data-settings=\"{&quot;animation&quot;:&quot;zoomIn&quot;}\">\n\t\t\t\t<div class=\"elementor-element elementor-element-a23152c rtimg-contain elementor-invisible elementor-widget elementor-widget-image\" data-id=\"a23152c\" data-element_type=\"widget\" data-settings=\"{&quot;_animation&quot;:&quot;scaleIn&quot;}\" data-widget_type=\"image.default\">\n\t\t\t\t\t\t\t\t\t\t\t\t\t\t\t<img loading=\"lazy\" decoding=\"async\" width=\"640\" height=\"905\" src=\"https:\/\/okernbilpleie.no\/wp-content\/uploads\/2026\/02\/BMW-dette-er-ikke-next-gen_a4-vertikalt.jpg\" class=\"attachment-large size-large wp-image-4221\" alt=\"\" \/>\t\t\t\t\t\t\t\t\t\t\t\t\t\t\t<\/div>\n\t\t\t\t<\/div>\n\t\t\t\t<\/div>\n\t\t<div class=\"elementor-element elementor-element-4674357 e-con-full e-flex elementor-invisible e-con e-child\" data-id=\"4674357\" data-element_type=\"container\" data-settings=\"{&quot;animation&quot;:&quot;fadeInUp&quot;}\">\n\t\t\t\t<div class=\"elementor-element elementor-element-eff34ca elementor-widget elementor-widget-react-heading\" data-id=\"eff34ca\" data-element_type=\"widget\" data-widget_type=\"react-heading.default\">\n\t\t\t\t<div class=\"elementor-widget-container\">\n\t\t\t\t\t\r\n\t\t<div class=\"react-heading\">\r\n\t\t    <div class=\"rts__section__inner\">\r\n\t\t\t   <span class=\"rts__section__subtitle\">QUALITY WITHOUT COMPROMISE<\/span>\r\n\t\t    <h2 class=\"rts__section__title\">Benefits of ceramic coating<\/h2>\t\t\t   \t\t    <\/div>\r\n\t\t<\/div>\r\n\t\t\t\t\t\t<\/div>\n\t\t\t\t<\/div>\n\t\t\t\t<div class=\"elementor-element elementor-element-5c018d9 elementor-align-left elementor-icon-list--layout-traditional elementor-list-item-link-full_width elementor-widget elementor-widget-icon-list\" data-id=\"5c018d9\" data-element_type=\"widget\" data-widget_type=\"icon-list.default\">\n\t\t\t\t<div class=\"elementor-widget-container\">\n\t\t\t\t\t<ul class=\"elementor-icon-list-items\"><li class=\"elementor-icon-list-item\" ><span class=\"elementor-icon-list-icon\"><svg aria-hidden=\"true\" class=\"e-font-icon-svg e-fas-check\" viewbox=\"0 0 512 512\" xmlns=\"http:\/\/www.w3.org\/2000\/svg\"><path d=\"M173.898 439.404l-166.4-166.4c-9.997-9.997-9.997-26.206 0-36.204l36.203-36.204c9.997-9.998 26.207-9.998 36.204 0L192 312.69 432.095 72.596c9.997-9.997 26.207-9.997 36.204 0l36.203 36.204c9.997 9.997 9.997 26.206 0 36.204l-294.4 294.401c-9.998 9.997-26.207 9.997-36.204-.001z\"><\/path><\/svg><\/span><span class=\"elementor-icon-list-text\">Long-lasting protection of the paintwork<\/span><\/li><li class=\"elementor-icon-list-item\" ><span class=\"elementor-icon-list-icon\"><svg aria-hidden=\"true\" class=\"e-font-icon-svg e-fas-check\" viewbox=\"0 0 512 512\" xmlns=\"http:\/\/www.w3.org\/2000\/svg\"><path d=\"M173.898 439.404l-166.4-166.4c-9.997-9.997-9.997-26.206 0-36.204l36.203-36.204c9.997-9.998 26.207-9.998 36.204 0L192 312.69 432.095 72.596c9.997-9.997 26.207-9.997 36.204 0l36.203 36.204c9.997 9.997 9.997 26.206 0 36.204l-294.4 294.401c-9.998 9.997-26.207 9.997-36.204-.001z\"><\/path><\/svg><\/span><span class=\"elementor-icon-list-text\">Exceptional gloss and depth of color<\/span><\/li><li class=\"elementor-icon-list-item\" ><span class=\"elementor-icon-list-icon\"><svg aria-hidden=\"true\" class=\"e-font-icon-svg e-fas-check\" viewbox=\"0 0 512 512\" xmlns=\"http:\/\/www.w3.org\/2000\/svg\"><path d=\"M173.898 439.404l-166.4-166.4c-9.997-9.997-9.997-26.206 0-36.204l36.203-36.204c9.997-9.998 26.207-9.998 36.204 0L192 312.69 432.095 72.596c9.997-9.997 26.207-9.997 36.204 0l36.203 36.204c9.997 9.997 9.997 26.206 0 36.204l-294.4 294.401c-9.998 9.997-26.207 9.997-36.204-.001z\"><\/path><\/svg><\/span><span class=\"elementor-icon-list-text\">Water- and dirt-repellent surface<\/span><\/li><li class=\"elementor-icon-list-item\" ><span class=\"elementor-icon-list-icon\"><svg aria-hidden=\"true\" class=\"e-font-icon-svg e-fas-check\" viewbox=\"0 0 512 512\" xmlns=\"http:\/\/www.w3.org\/2000\/svg\"><path d=\"M173.898 439.404l-166.4-166.4c-9.997-9.997-9.997-26.206 0-36.204l36.203-36.204c9.997-9.998 26.207-9.998 36.204 0L192 312.69 432.095 72.596c9.997-9.997 26.207-9.997 36.204 0l36.203 36.204c9.997 9.997 9.997 26.206 0 36.204l-294.4 294.401c-9.998 9.997-26.207 9.997-36.204-.001z\"><\/path><\/svg><\/span><span class=\"elementor-icon-list-text\">Easier washing and reduced maintenance<\/span><\/li><li class=\"elementor-icon-list-item\" ><span class=\"elementor-icon-list-icon\"><svg aria-hidden=\"true\" class=\"e-font-icon-svg e-fas-check\" viewbox=\"0 0 512 512\" xmlns=\"http:\/\/www.w3.org\/2000\/svg\"><path d=\"M173.898 439.404l-166.4-166.4c-9.997-9.997-9.997-26.206 0-36.204l36.203-36.204c9.997-9.998 26.207-9.998 36.204 0L192 312.69 432.095 72.596c9.997-9.997 26.207-9.997 36.204 0l36.203 36.204c9.997 9.997 9.997 26.206 0 36.204l-294.4 294.401c-9.998 9.997-26.207 9.997-36.204-.001z\"><\/path><\/svg><\/span><span class=\"elementor-icon-list-text\">Protection against UV radiation, road salt, and contaminants<\/span><\/li><\/ul>\t\t\t\t<\/div>\n\t\t\t\t<\/div>\n\t\t\t\t<div class=\"elementor-element elementor-element-77c4025 elementor-widget elementor-widget-text-editor\" data-id=\"77c4025\" data-element_type=\"widget\" data-widget_type=\"text-editor.default\">\n\t\t\t\t\t\t\t\t\t<p>Ceramic coating is recommended for both new and used vehicles, and the treatment is tailored to the condition of the vehicle and the customer\u2019s needs.<\/p>\t\t\t\t\t\t\t\t<\/div>\n\t\t<a class=\"elementor-element elementor-element-9424c5e e-con-full e-flex e-con e-child\" data-id=\"9424c5e\" data-element_type=\"container\" data-settings=\"{&quot;background_background&quot;:&quot;classic&quot;}\" href=\"https:\/\/valvoline.no\/\">\n\t\t\t\t<div class=\"elementor-element elementor-element-cd3b6a5 rtimg-contain elementor-widget elementor-widget-image\" data-id=\"cd3b6a5\" data-element_type=\"widget\" data-widget_type=\"image.default\">\n\t\t\t\t\t\t\t\t\t\t\t\t\t\t\t<img loading=\"lazy\" decoding=\"async\" width=\"640\" height=\"148\" src=\"https:\/\/okernbilpleie.no\/wp-content\/uploads\/2026\/02\/Outlook-wfjqexqn.png\" class=\"attachment-large size-large wp-image-4224\" alt=\"\" \/>\t\t\t\t\t\t\t\t\t\t\t\t\t\t\t<\/div>\n\t\t\t\t<\/a>\n\t\t\t\t<\/div>\n\t\t\t\t\t<\/div>\n\t\t\t\t<\/div>\n\t\t<div class=\"elementor-element elementor-element-36f59ed e-flex e-con-boxed e-con e-parent\" data-id=\"36f59ed\" data-element_type=\"container\" data-settings=\"{&quot;background_background&quot;:&quot;classic&quot;}\">\n\t\t\t\t\t<div class=\"e-con-inner\">\n\t\t\t\t<div class=\"elementor-element elementor-element-9df8c65 elementor-widget elementor-widget-react-heading\" data-id=\"9df8c65\" data-element_type=\"widget\" data-widget_type=\"react-heading.default\">\n\t\t\t\t<div class=\"elementor-widget-container\">\n\t\t\t\t\t\r\n\t\t<div class=\"react-heading\">\r\n\t\t    <div class=\"rts__section__inner\">\r\n\t\t\t   \r\n\t\t    <h2 class=\"rts__section__title wow animated fadeInUp\" data-wow-delay=\"0ms\" data-wow-duration=\"ms\">Ceramic coating products<\/h2>\t\t\t   \t\t    <\/div>\r\n\t\t<\/div>\r\n\t\t\t\t\t\t<\/div>\n\t\t\t\t<\/div>\n\t\t<div class=\"elementor-element elementor-element-813f19f e-grid e-con-full e-con e-child\" data-id=\"813f19f\" data-element_type=\"container\">\n\t\t<div class=\"elementor-element elementor-element-efded8a e-con-full e-flex e-con e-child\" data-id=\"efded8a\" data-element_type=\"container\" data-settings=\"{&quot;background_background&quot;:&quot;classic&quot;}\">\n\t\t\t\t<div class=\"elementor-element elementor-element-27e0368 elementor-invisible elementor-widget elementor-widget-heading\" data-id=\"27e0368\" data-element_type=\"widget\" data-settings=\"{&quot;_animation&quot;:&quot;fadeInUp&quot;}\" data-widget_type=\"heading.default\">\n\t\t\t\t\t<h6 class=\"elementor-heading-title elementor-size-default\">Apex 7<\/h6>\t\t\t\t<\/div>\n\t\t<div class=\"elementor-element elementor-element-e7329f7 e-con-full e-flex e-con e-child\" data-id=\"e7329f7\" data-element_type=\"container\">\n\t\t<div class=\"elementor-element elementor-element-cb676eb e-con-full e-flex e-con e-child\" data-id=\"cb676eb\" data-element_type=\"container\">\n\t\t\t\t<div class=\"elementor-element elementor-element-3191efe elementor-widget elementor-widget-text-editor\" data-id=\"3191efe\" data-element_type=\"widget\" data-widget_type=\"text-editor.default\">\n\t\t\t\t\t\t\t\t\t<p>Advanced ceramic coating with maximum gloss, extreme durability, and long-lasting protection against UV radiation, chemicals, and external wear.<\/p>\t\t\t\t\t\t\t\t<\/div>\n\t\t\t\t<\/div>\n\t\t<div class=\"elementor-element elementor-element-c7f7fb2 e-con-full e-flex e-con e-child\" data-id=\"c7f7fb2\" data-element_type=\"container\">\n\t\t\t\t<div class=\"elementor-element elementor-element-036dd19 elementor-widget-laptop__width-initial rtimg-contain elementor-widget elementor-widget-image\" data-id=\"036dd19\" data-element_type=\"widget\" data-widget_type=\"image.default\">\n\t\t\t\t\t\t\t\t\t\t\t\t\t\t\t<img loading=\"lazy\" decoding=\"async\" width=\"202\" height=\"618\" src=\"https:\/\/okernbilpleie.no\/wp-content\/uploads\/2026\/02\/Apex7.png\" class=\"attachment-large size-large wp-image-4234\" alt=\"\" \/>\t\t\t\t\t\t\t\t\t\t\t\t\t\t\t<\/div>\n\t\t\t\t<\/div>\n\t\t\t\t<\/div>\n\t\t\t\t<div class=\"elementor-element elementor-element-d218aab elementor-widget elementor-widget-rt-button\" data-id=\"d218aab\" data-element_type=\"widget\" data-widget_type=\"rt-button.default\">\n\t\t\t\t<div class=\"elementor-widget-container\">\n\t\t\t\t\t          \r\n          <a class=\"rts__main__btn\" href=\"\/wp-content\/uploads\/2026\/02\/Apex_a5_flyer_2_s.pdf\" data-hover=\"Apex 7 \u2013 produktark (PDF)\">\r\n          <span>Product sheet (PDF)<\/span>\r\n          <\/a>\t\t\t\t<\/div>\n\t\t\t\t<\/div>\n\t\t\t\t<\/div>\n\t\t<div class=\"elementor-element elementor-element-c062a3a e-con-full e-flex e-con e-child\" data-id=\"c062a3a\" data-element_type=\"container\" data-settings=\"{&quot;background_background&quot;:&quot;classic&quot;}\">\n\t\t\t\t<div class=\"elementor-element elementor-element-68208c7 elementor-invisible elementor-widget elementor-widget-heading\" data-id=\"68208c7\" data-element_type=\"widget\" data-settings=\"{&quot;_animation&quot;:&quot;fadeInUp&quot;}\" data-widget_type=\"heading.default\">\n\t\t\t\t\t<h6 class=\"elementor-heading-title elementor-size-default\">Track<\/h6>\t\t\t\t<\/div>\n\t\t<div class=\"elementor-element elementor-element-95120ab e-con-full e-flex e-con e-child\" data-id=\"95120ab\" data-element_type=\"container\">\n\t\t<div class=\"elementor-element elementor-element-958d7e4 e-con-full e-flex e-con e-child\" data-id=\"958d7e4\" data-element_type=\"container\">\n\t\t\t\t<div class=\"elementor-element elementor-element-f5fa51e elementor-widget elementor-widget-text-editor\" data-id=\"f5fa51e\" data-element_type=\"widget\" data-widget_type=\"text-editor.default\">\n\t\t\t\t\t\t\t\t\t<p>Long-lasting ceramic protection that bonds molecularly to the surface, delivering a cleaner, glossier, and more durable paint finish \u2013 without compromise.<\/p>\t\t\t\t\t\t\t\t<\/div>\n\t\t\t\t<\/div>\n\t\t<div class=\"elementor-element elementor-element-4a7f441 e-con-full e-flex e-con e-child\" data-id=\"4a7f441\" data-element_type=\"container\">\n\t\t\t\t<div class=\"elementor-element elementor-element-b07fdb4 elementor-widget-laptop__width-initial rtimg-contain elementor-widget elementor-widget-image\" data-id=\"b07fdb4\" data-element_type=\"widget\" data-widget_type=\"image.default\">\n\t\t\t\t\t\t\t\t\t\t\t\t\t\t\t<img loading=\"lazy\" decoding=\"async\" width=\"202\" height=\"618\" src=\"https:\/\/okernbilpleie.no\/wp-content\/uploads\/2026\/02\/Track5.png\" class=\"attachment-large size-large wp-image-4232\" alt=\"\" \/>\t\t\t\t\t\t\t\t\t\t\t\t\t\t\t<\/div>\n\t\t\t\t<\/div>\n\t\t\t\t<\/div>\n\t\t\t\t<div class=\"elementor-element elementor-element-76623fd elementor-widget elementor-widget-rt-button\" data-id=\"76623fd\" data-element_type=\"widget\" data-widget_type=\"rt-button.default\">\n\t\t\t\t<div class=\"elementor-widget-container\">\n\t\t\t\t\t          \r\n          <a class=\"rts__main__btn\" href=\"\/wp-content\/uploads\/2026\/02\/Track_a5_flyer_2_s.pdf\" data-hover=\"Track \u2013 produktark (PDF)\">\r\n          <span>Product sheet (PDF)<\/span>\r\n          <\/a>\t\t\t\t<\/div>\n\t\t\t\t<\/div>\n\t\t\t\t<\/div>\n\t\t<div class=\"elementor-element elementor-element-a001142 e-con-full e-flex e-con e-child\" data-id=\"a001142\" data-element_type=\"container\" data-settings=\"{&quot;background_background&quot;:&quot;classic&quot;}\">\n\t\t\t\t<div class=\"elementor-element elementor-element-16f8f94 elementor-invisible elementor-widget elementor-widget-heading\" data-id=\"16f8f94\" data-element_type=\"widget\" data-settings=\"{&quot;_animation&quot;:&quot;fadeInUp&quot;}\" data-widget_type=\"heading.default\">\n\t\t\t\t\t<h6 class=\"elementor-heading-title elementor-size-default\">QuickCoat<\/h6>\t\t\t\t<\/div>\n\t\t<div class=\"elementor-element elementor-element-1e0a450 e-con-full e-flex e-con e-child\" data-id=\"1e0a450\" data-element_type=\"container\">\n\t\t<div class=\"elementor-element elementor-element-08753ef e-con-full e-flex e-con e-child\" data-id=\"08753ef\" data-element_type=\"container\">\n\t\t\t\t<div class=\"elementor-element elementor-element-a346566 elementor-widget elementor-widget-text-editor\" data-id=\"a346566\" data-element_type=\"widget\" data-widget_type=\"text-editor.default\">\n\t\t\t\t\t\t\t\t\t<p>Fast and effective coating that provides deep gloss, a silky-smooth surface, and noticeable protection against dirt, water, and everyday wear.<\/p>\t\t\t\t\t\t\t\t<\/div>\n\t\t\t\t<\/div>\n\t\t<div class=\"elementor-element elementor-element-1f322af e-con-full e-flex e-con e-child\" data-id=\"1f322af\" data-element_type=\"container\">\n\t\t\t\t<div class=\"elementor-element elementor-element-dd2e3cc elementor-widget-laptop__width-initial rtimg-contain elementor-widget elementor-widget-image\" data-id=\"dd2e3cc\" data-element_type=\"widget\" data-widget_type=\"image.default\">\n\t\t\t\t\t\t\t\t\t\t\t\t\t\t\t<img loading=\"lazy\" decoding=\"async\" width=\"202\" height=\"618\" src=\"https:\/\/okernbilpleie.no\/wp-content\/uploads\/2026\/02\/QuickCoat.png\" class=\"attachment-large size-large wp-image-4233\" alt=\"\" \/>\t\t\t\t\t\t\t\t\t\t\t\t\t\t\t<\/div>\n\t\t\t\t<\/div>\n\t\t\t\t<\/div>\n\t\t\t\t<div class=\"elementor-element elementor-element-7ee0557 elementor-widget elementor-widget-rt-button\" data-id=\"7ee0557\" data-element_type=\"widget\" data-widget_type=\"rt-button.default\">\n\t\t\t\t<div class=\"elementor-widget-container\">\n\t\t\t\t\t          \r\n          <a class=\"rts__main__btn\" href=\"\/wp-content\/uploads\/2026\/02\/QuickCoat_a5_flyer_2_s.pdf\" data-hover=\"QuickCoat \u2013 produktark (PDF)\">\r\n          <span>Product sheet (PDF)<\/span>\r\n          <\/a>\t\t\t\t<\/div>\n\t\t\t\t<\/div>\n\t\t\t\t<\/div>\n\t\t\t\t<\/div>\n\t\t\t\t\t<\/div>\n\t\t\t\t<\/div>\n\t\t<div class=\"elementor-element elementor-element-ef61f78 e-flex e-con-boxed e-con e-parent\" data-id=\"ef61f78\" data-element_type=\"container\" data-settings=\"{&quot;background_background&quot;:&quot;classic&quot;}\">\n\t\t\t\t\t<div class=\"e-con-inner\">\n\t\t<div class=\"elementor-element elementor-element-ce5bed1 e-con-full e-flex e-con e-child\" data-id=\"ce5bed1\" data-element_type=\"container\">\n\t\t\t\t<div class=\"elementor-element elementor-element-41e6dd7 elementor-widget elementor-widget-heading\" data-id=\"41e6dd7\" data-element_type=\"widget\" data-widget_type=\"heading.default\">\n\t\t\t\t\t<h3 class=\"elementor-heading-title elementor-size-default\">Ready for a clean and polished car?<\/h3>\t\t\t\t<\/div>\n\t\t\t\t<\/div>\n\t\t<div class=\"elementor-element elementor-element-c70922a e-con-full e-flex e-con e-child\" data-id=\"c70922a\" data-element_type=\"container\">\n\t\t\t\t<div class=\"elementor-element elementor-element-e9f9cc4 elementor-widget elementor-widget-rt-button\" data-id=\"e9f9cc4\" data-element_type=\"widget\" data-widget_type=\"rt-button.default\">\n\t\t\t\t<div class=\"elementor-widget-container\">\n\t\t\t\t\t          \r\n          <a class=\"rts__main__btn\" href=\"\/en\/bestill-time\/\" data-hover=\"Bestill time\">\r\n          <span>Book an appointment<\/span>\r\n          <\/a>\t\t\t\t<\/div>\n\t\t\t\t<\/div>\n\t\t\t\t<\/div>\n\t\t\t\t\t<\/div>\n\t\t\t\t<\/div>\n\t\t\t\t<\/div>","protected":false},"excerpt":{"rendered":"<p>KVALITET SOM VARER Keramisk coating \u2013 langvarig beskyttelse Vi tilbyr keramisk coating for deg som \u00f8nsker maksimal beskyttelse og glans over tid.Coatingen vi bruker er en ledende akt\u00f8r i Norge, utviklet for nordiske forhold og gir opptil 7 \u00e5rs holdbarhet ved riktig vedlikehold. Bestill time Kvalitet uten kompromisser Fordeler med keramisk coating Langvarig beskyttelse av&#8230;<\/p>","protected":false},"author":1,"featured_media":0,"parent":0,"menu_order":0,"comment_status":"closed","ping_status":"closed","template":"elementor_header_footer","meta":{"footnotes":""},"class_list":["post-184","page","type-page","status-publish","hentry"],"_links":{"self":[{"href":"https:\/\/okernbilpleie.no\/en\/wp-json\/wp\/v2\/pages\/184","targetHints":{"allow":["GET"]}}],"collection":[{"href":"https:\/\/okernbilpleie.no\/en\/wp-json\/wp\/v2\/pages"}],"about":[{"href":"https:\/\/okernbilpleie.no\/en\/wp-json\/wp\/v2\/types\/page"}],"author":[{"embeddable":true,"href":"https:\/\/okernbilpleie.no\/en\/wp-json\/wp\/v2\/users\/1"}],"replies":[{"embeddable":true,"href":"https:\/\/okernbilpleie.no\/en\/wp-json\/wp\/v2\/comments?post=184"}],"version-history":[{"count":41,"href":"https:\/\/okernbilpleie.no\/en\/wp-json\/wp\/v2\/pages\/184\/revisions"}],"predecessor-version":[{"id":4299,"href":"https:\/\/okernbilpleie.no\/en\/wp-json\/wp\/v2\/pages\/184\/revisions\/4299"}],"wp:attachment":[{"href":"https:\/\/okernbilpleie.no\/en\/wp-json\/wp\/v2\/media?parent=184"}],"curies":[{"name":"wp","href":"https:\/\/api.w.org\/{rel}","templated":true}]}}