{"id":3924,"date":"2026-01-29T09:34:26","date_gmt":"2026-01-29T09:34:26","guid":{"rendered":"https:\/\/okernbilpleie.no\/?page_id=3924"},"modified":"2026-02-06T13:05:46","modified_gmt":"2026-02-06T13:05:46","slug":"skinnbehandling","status":"publish","type":"page","link":"https:\/\/okernbilpleie.no\/en\/skinnbehandling\/","title":{"rendered":"Leather treatment"},"content":{"rendered":"<div data-elementor-type=\"wp-page\" data-elementor-id=\"3924\" class=\"elementor elementor-3924\">\n\t\t\t\t<div class=\"elementor-element elementor-element-6c3479d e-con-full e-flex e-con e-parent\" data-id=\"6c3479d\" data-element_type=\"container\" data-settings=\"{&quot;background_background&quot;:&quot;classic&quot;}\">\n\t\t<div class=\"elementor-element elementor-element-833ab0b e-con-full e-flex e-con e-child\" data-id=\"833ab0b\" data-element_type=\"container\">\n\t\t\t\t<div class=\"elementor-element elementor-element-bff17ab elementor-widget elementor-widget-react-heading\" data-id=\"bff17ab\" data-element_type=\"widget\" data-widget_type=\"react-heading.default\">\n\t\t\t\t<div class=\"elementor-widget-container\">\n\t\t\t\t\t\r\n\t\t<div class=\"react-heading\">\r\n\t\t    <div class=\"rts__section__inner\">\r\n\t\t\t   <span class=\"rts__section__subtitle wow animated fadeInUp\" data-wow-delay=\"0ms\" data-wow-duration=\"ms\">Professional leather care<\/span>\r\n\t\t    <h1 class=\"rts__section__title wow animated fadeInUp\" data-wow-delay=\"0ms\" data-wow-duration=\"ms\">Leather treatment \u2013 cleaning, care and protection<\/h1>\t\t\t   <div class=\"rts__section__description wow animated fadeInUp\" data-wow-delay=\"0ms\" data-wow-duration=\"ms\">We offer professional leather treatment that cleans, nourishes and protects your car\u2019s leather interior. The treatment is carried out using high-quality products from Koch Chemie, developed for effective and gentle care of modern leather materials.<\/div>\t\t    <\/div>\r\n\t\t<\/div>\r\n\t\t\t\t\t\t<\/div>\n\t\t\t\t<\/div>\n\t\t\t\t<div class=\"elementor-element elementor-element-61c517b elementor-invisible elementor-widget elementor-widget-rt-button\" data-id=\"61c517b\" data-element_type=\"widget\" data-settings=\"{&quot;_animation&quot;:&quot;fadeInUp&quot;}\" data-widget_type=\"rt-button.default\">\n\t\t\t\t<div class=\"elementor-widget-container\">\n\t\t\t\t\t          \r\n          <a class=\"rts__main__btn\" href=\"\/en\/bestill-time\/\" data-hover=\"Bestill time\">\r\n          <span>Book an appointment<\/span>\r\n          <\/a>\t\t\t\t<\/div>\n\t\t\t\t<\/div>\n\t\t\t\t<\/div>\n\t\t<div class=\"elementor-element elementor-element-02c2dcb e-con-full e-flex e-con e-child\" data-id=\"02c2dcb\" data-element_type=\"container\">\n\t\t\t\t<div class=\"elementor-element elementor-element-9ee185f rtimg-contain elementor-widget elementor-widget-image\" data-id=\"9ee185f\" data-element_type=\"widget\" data-widget_type=\"image.default\">\n\t\t\t\t\t\t\t\t\t\t\t\t\t\t\t<img fetchpriority=\"high\" decoding=\"async\" width=\"1000\" height=\"1000\" src=\"https:\/\/okernbilpleie.no\/wp-content\/uploads\/2026\/01\/bilvask50-opt-sq.jpg\" class=\"attachment-full size-full wp-image-3983\" alt=\"\" \/>\t\t\t\t\t\t\t\t\t\t\t\t\t\t\t<\/div>\n\t\t\t\t<\/div>\n\t\t\t\t<\/div>\n\t\t<div class=\"elementor-element elementor-element-4f65d16 e-flex e-con-boxed e-con e-parent\" data-id=\"4f65d16\" data-element_type=\"container\" data-settings=\"{&quot;background_background&quot;:&quot;classic&quot;}\">\n\t\t\t\t\t<div class=\"e-con-inner\">\n\t\t\t\t<div class=\"elementor-element elementor-element-38891b0 elementor-widget elementor-widget-react-heading\" data-id=\"38891b0\" data-element_type=\"widget\" data-widget_type=\"react-heading.default\">\n\t\t\t\t<div class=\"elementor-widget-container\">\n\t\t\t\t\t\r\n\t\t<div class=\"react-heading\">\r\n\t\t    <div class=\"rts__section__inner\">\r\n\t\t\t   <span class=\"rts__section__subtitle wow animated fadeInUp\" data-wow-delay=\"0ms\" data-wow-duration=\"ms\">QUALITY THAT LASTS<\/span>\r\n\t\t    <h2 class=\"rts__section__title wow animated fadeInUp\" data-wow-delay=\"0ms\" data-wow-duration=\"ms\">Extends the lifespan of your leather interior<\/h2>\t\t\t   \t\t    <\/div>\r\n\t\t<\/div>\r\n\t\t\t\t\t\t<\/div>\n\t\t\t\t<\/div>\n\t\t<div class=\"elementor-element elementor-element-8b0c555 e-grid e-con-full e-con e-child\" data-id=\"8b0c555\" data-element_type=\"container\">\n\t\t<div class=\"elementor-element elementor-element-fda8883 e-con-full e-flex e-con e-child\" data-id=\"fda8883\" data-element_type=\"container\">\n\t\t\t\t<div class=\"elementor-element elementor-element-dda9052 elementor-view-stacked elementor-shape-rounded elementor-position-block-start elementor-mobile-position-block-start elementor-widget elementor-widget-icon-box\" data-id=\"dda9052\" data-element_type=\"widget\" data-widget_type=\"icon-box.default\">\n\t\t\t\t\t\t\t<div class=\"elementor-icon-box-wrapper\">\n\n\t\t\t\t\t\t<div class=\"elementor-icon-box-icon\">\n\t\t\t\t<span  class=\"elementor-icon\">\n\t\t\t\t<svg aria-hidden=\"true\" class=\"e-font-icon-svg e-fas-soap\" viewbox=\"0 0 512 512\" xmlns=\"http:\/\/www.w3.org\/2000\/svg\"><path d=\"M416,192a95.42,95.42,0,0,1-30.94,70.21A95.8,95.8,0,0,1,352,448H160a96,96,0,0,1,0-192h88.91A95.3,95.3,0,0,1,224,192H96A96,96,0,0,0,0,288V416a96,96,0,0,0,96,96H416a96,96,0,0,0,96-96V288A96,96,0,0,0,416,192Zm-96,64a64,64,0,1,0-64-64A64,64,0,0,0,320,256ZM208,96a48,48,0,1,0-48-48A48,48,0,0,0,208,96ZM384,64a32,32,0,1,0-32-32A32,32,0,0,0,384,64ZM160,288a64,64,0,0,0,0,128H352a64,64,0,0,0,0-128Z\"><\/path><\/svg>\t\t\t\t<\/span>\n\t\t\t<\/div>\n\t\t\t\n\t\t\t\t\t\t<div class=\"elementor-icon-box-content\">\n\n\t\t\t\t\t\t\t\t\t<h5 class=\"elementor-icon-box-title\">\n\t\t\t\t\t\t<span  >\n\t\t\t\t\t\t\tThorough and gentle leather cleaning\t\t\t\t\t\t<\/span>\n\t\t\t\t\t<\/h5>\n\t\t\t\t\n\t\t\t\t\t\t\t\t\t<p class=\"elementor-icon-box-description\">\n\t\t\t\t\t\tThe leather is carefully cleaned to remove dirt, grease and contaminants that gradually wear down the surface over time. \t\t\t\t\t<\/p>\n\t\t\t\t\n\t\t\t<\/div>\n\t\t\t\n\t\t<\/div>\n\t\t\t\t\t\t<\/div>\n\t\t\t\t<\/div>\n\t\t<div class=\"elementor-element elementor-element-06bb31b e-con-full e-flex e-con e-child\" data-id=\"06bb31b\" data-element_type=\"container\">\n\t\t\t\t<div class=\"elementor-element elementor-element-e8cd9f7 elementor-view-stacked elementor-shape-rounded elementor-position-block-start elementor-mobile-position-block-start elementor-widget elementor-widget-icon-box\" data-id=\"e8cd9f7\" data-element_type=\"widget\" data-widget_type=\"icon-box.default\">\n\t\t\t\t\t\t\t<div class=\"elementor-icon-box-wrapper\">\n\n\t\t\t\t\t\t<div class=\"elementor-icon-box-icon\">\n\t\t\t\t<span  class=\"elementor-icon\">\n\t\t\t\t<svg aria-hidden=\"true\" class=\"e-font-icon-svg e-fas-hand-sparkles\" viewbox=\"0 0 640 512\" xmlns=\"http:\/\/www.w3.org\/2000\/svg\"><path d=\"M106.66,170.64l.09,0,49.55-20.65a7.32,7.32,0,0,0,3.68-6h0a7.29,7.29,0,0,0-3.68-6l-49.57-20.67-.07,0L86,67.68a6.66,6.66,0,0,0-11.92,0l-20.7,49.63-.05,0L3.7,138A7.29,7.29,0,0,0,0,144H0a7.32,7.32,0,0,0,3.68,6L53.27,170.6l.07,0L74,220.26a6.65,6.65,0,0,0,11.92,0l20.69-49.62ZM471.38,467.41l-1-.42-1-.5a38.67,38.67,0,0,1,0-69.14l1-.49,1-.43,37.49-15.63,15.63-37.48.41-1,.47-.95c3.85-7.74,10.58-13.63,18.35-17.34,0-1.33.25-2.69.27-4V144a32,32,0,0,0-64,0v72a8,8,0,0,1-8,8H456a8,8,0,0,1-8-8V64a32,32,0,0,0-64,0V216a8,8,0,0,1-8,8H360a8,8,0,0,1-8-8V32a32,32,0,0,0-64,0V216a8,8,0,0,1-8,8H264a8,8,0,0,1-8-8V64a32,32,0,0,0-64,0v241l-23.59-32.49a40,40,0,0,0-64.71,47.09L229.3,492.21A48.07,48.07,0,0,0,268.09,512H465.7c19.24,0,35.65-11.73,43.24-28.79l-.07-.17ZM349.79,339.52,320,351.93l-12.42,29.78a4,4,0,0,1-7.15,0L288,351.93l-29.79-12.41a4,4,0,0,1,0-7.16L288,319.94l12.42-29.78a4,4,0,0,1,7.15,0L320,319.94l29.79,12.42a4,4,0,0,1,0,7.16ZM640,431.91a7.28,7.28,0,0,0-3.68-6l-49.57-20.67-.07,0L566,355.63a6.66,6.66,0,0,0-11.92,0l-20.7,49.63-.05,0L483.7,426a7.28,7.28,0,0,0-3.68,6h0a7.29,7.29,0,0,0,3.68,5.95l49.57,20.67.07,0L554,508.21a6.65,6.65,0,0,0,11.92,0l20.69-49.62h0l.09,0,49.55-20.66a7.29,7.29,0,0,0,3.68-5.95h0Z\"><\/path><\/svg>\t\t\t\t<\/span>\n\t\t\t<\/div>\n\t\t\t\n\t\t\t\t\t\t<div class=\"elementor-icon-box-content\">\n\n\t\t\t\t\t\t\t\t\t<h5 class=\"elementor-icon-box-title\">\n\t\t\t\t\t\t<span  >\n\t\t\t\t\t\t\tCare that prolongs durability\t\t\t\t\t\t<\/span>\n\t\t\t\t\t<\/h5>\n\t\t\t\t\n\t\t\t\t\t\t\t\t\t<p class=\"elementor-icon-box-description\">\n\t\t\t\t\t\tAfter cleaning, we apply nourishing care products that help preserve the leather\u2019s natural softness, color and structure. \n\t\t\t\t\t<\/p>\n\t\t\t\t\n\t\t\t<\/div>\n\t\t\t\n\t\t<\/div>\n\t\t\t\t\t\t<\/div>\n\t\t\t\t<\/div>\n\t\t<div class=\"elementor-element elementor-element-e17a2bf e-con-full e-flex e-con e-child\" data-id=\"e17a2bf\" data-element_type=\"container\">\n\t\t\t\t<div class=\"elementor-element elementor-element-4e87f2d elementor-view-stacked elementor-shape-rounded elementor-position-block-start elementor-mobile-position-block-start elementor-widget elementor-widget-icon-box\" data-id=\"4e87f2d\" data-element_type=\"widget\" data-widget_type=\"icon-box.default\">\n\t\t\t\t\t\t\t<div class=\"elementor-icon-box-wrapper\">\n\n\t\t\t\t\t\t<div class=\"elementor-icon-box-icon\">\n\t\t\t\t<span  class=\"elementor-icon\">\n\t\t\t\t<svg aria-hidden=\"true\" class=\"e-font-icon-svg e-fas-shield-alt\" viewbox=\"0 0 512 512\" xmlns=\"http:\/\/www.w3.org\/2000\/svg\"><path d=\"M466.5 83.7l-192-80a48.15 48.15 0 0 0-36.9 0l-192 80C27.7 91.1 16 108.6 16 128c0 198.5 114.5 335.7 221.5 380.3 11.8 4.9 25.1 4.9 36.9 0C360.1 472.6 496 349.3 496 128c0-19.4-11.7-36.9-29.5-44.3zM256.1 446.3l-.1-381 175.9 73.3c-3.3 151.4-82.1 261.1-175.8 307.7z\"><\/path><\/svg>\t\t\t\t<\/span>\n\t\t\t<\/div>\n\t\t\t\n\t\t\t\t\t\t<div class=\"elementor-icon-box-content\">\n\n\t\t\t\t\t\t\t\t\t<h5 class=\"elementor-icon-box-title\">\n\t\t\t\t\t\t<span  >\n\t\t\t\t\t\t\tProtection against wear and fading\t\t\t\t\t\t<\/span>\n\t\t\t\t\t<\/h5>\n\t\t\t\t\n\t\t\t\t\t\t\t\t\t<p class=\"elementor-icon-box-description\">\n\t\t\t\t\t\tAs an important part of the treatment, the leather is sealed or impregnated to provide enhanced protection against wear, discoloration, drying and future dirt.\t\t\t\t\t<\/p>\n\t\t\t\t\n\t\t\t<\/div>\n\t\t\t\n\t\t<\/div>\n\t\t\t\t\t\t<\/div>\n\t\t\t\t<\/div>\n\t\t\t\t<\/div>\n\t\t\t\t\t<\/div>\n\t\t\t\t<\/div>\n\t\t<div class=\"elementor-element elementor-element-ccb44f7 e-flex e-con-boxed e-con e-parent\" data-id=\"ccb44f7\" data-element_type=\"container\" data-settings=\"{&quot;background_background&quot;:&quot;classic&quot;}\">\n\t\t\t\t\t<div class=\"e-con-inner\">\n\t\t<div class=\"elementor-element elementor-element-0468624 e-con-full e-flex e-con e-child\" data-id=\"0468624\" data-element_type=\"container\">\n\t\t<div class=\"elementor-element elementor-element-b5e676e e-con-full e-flex elementor-invisible e-con e-child\" data-id=\"b5e676e\" data-element_type=\"container\" data-settings=\"{&quot;animation&quot;:&quot;zoomIn&quot;}\">\n\t\t\t\t<div class=\"elementor-element elementor-element-e0c45c6 rtimg-contain elementor-invisible elementor-widget elementor-widget-image\" data-id=\"e0c45c6\" data-element_type=\"widget\" data-settings=\"{&quot;_animation&quot;:&quot;scaleIn&quot;}\" data-widget_type=\"image.default\">\n\t\t\t\t\t\t\t\t\t\t\t\t\t\t\t<img decoding=\"async\" width=\"640\" height=\"762\" src=\"https:\/\/okernbilpleie.no\/wp-content\/uploads\/2026\/01\/bilvask333opt-crp.jpg\" class=\"attachment-large size-large wp-image-3988\" alt=\"\" \/>\t\t\t\t\t\t\t\t\t\t\t\t\t\t\t<\/div>\n\t\t\t\t<\/div>\n\t\t<div class=\"elementor-element elementor-element-98625aa e-con-full e-flex elementor-invisible e-con e-child\" data-id=\"98625aa\" data-element_type=\"container\" data-settings=\"{&quot;animation&quot;:&quot;zoomIn&quot;}\">\n\t\t\t\t<div class=\"elementor-element elementor-element-f49ad82 rtimg-contain elementor-invisible elementor-widget elementor-widget-image\" data-id=\"f49ad82\" data-element_type=\"widget\" data-settings=\"{&quot;_animation&quot;:&quot;scaleIn&quot;}\" data-widget_type=\"image.default\">\n\t\t\t\t\t\t\t\t\t\t\t\t\t\t\t<img decoding=\"async\" width=\"640\" height=\"639\" src=\"https:\/\/okernbilpleie.no\/wp-content\/uploads\/2026\/01\/bilvask44opt-cr.jpg\" class=\"attachment-large size-large wp-image-3998\" alt=\"\" \/>\t\t\t\t\t\t\t\t\t\t\t\t\t\t\t<\/div>\n\t\t\t\t<\/div>\n\t\t\t\t<\/div>\n\t\t<div class=\"elementor-element elementor-element-cfd4218 e-con-full e-flex e-con e-child\" data-id=\"cfd4218\" data-element_type=\"container\">\n\t\t\t\t<div class=\"elementor-element elementor-element-7ae6b10 elementor-widget elementor-widget-react-heading\" data-id=\"7ae6b10\" data-element_type=\"widget\" data-widget_type=\"react-heading.default\">\n\t\t\t\t<div class=\"elementor-widget-container\">\n\t\t\t\t\t\r\n\t\t<div class=\"react-heading\">\r\n\t\t    <div class=\"rts__section__inner\">\r\n\t\t\t   <span class=\"rts__section__subtitle\">Visible results<\/span>\r\n\t\t    <h2 class=\"rts__section__title\">Leather treatment with visible quality<\/h2>\t\t\t   \t\t    <\/div>\r\n\t\t<\/div>\r\n\t\t\t\t\t\t<\/div>\n\t\t\t\t<\/div>\n\t\t\t\t<div class=\"elementor-element elementor-element-1ca77b8 elementor-widget elementor-widget-text-editor\" data-id=\"1ca77b8\" data-element_type=\"widget\" data-widget_type=\"text-editor.default\">\n\t\t\t\t\t\t\t\t\tOur leather treatment extends the lifespan of your car\u2019s leather interior and delivers a clean, well-maintained and exclusive look. We work with precision and strong attention to detail, always aiming to deliver the highest possible quality and a result you can be truly satisfied with.\t\t\t\t\t\t\t\t<\/div>\n\t\t\t\t<div class=\"elementor-element elementor-element-5b25fe4 elementor-widget elementor-widget-topbar-icon-list\" data-id=\"5b25fe4\" data-element_type=\"widget\" data-widget_type=\"topbar-icon-list.default\">\n\t\t\t\t<div class=\"elementor-widget-container\">\n\t\t\t\t\t \n\n        <div class=\"rt-features-list-content\">                \n            <ul class=\"rt-features-list separator_no border_no rotate_no\">\n                    <li>\n                                                    <div class=\"icon\"><svg aria-hidden=\"true\" class=\"e-font-icon-svg e-fas-check-circle\" viewbox=\"0 0 512 512\" xmlns=\"http:\/\/www.w3.org\/2000\/svg\"><path d=\"M504 256c0 136.967-111.033 248-248 248S8 392.967 8 256 119.033 8 256 8s248 111.033 248 248zM227.314 387.314l184-184c6.248-6.248 6.248-16.379 0-22.627l-22.627-22.627c-6.248-6.249-16.379-6.249-22.628 0L216 308.118l-70.059-70.059c-6.248-6.248-16.379-6.248-22.628 0l-22.627 22.627c-6.248 6.248-6.248 16.379 0 22.627l104 104c6.249 6.249 16.379 6.249 22.628.001z\"><\/path><\/svg><\/div>                            \n                                                                        <div class=\"query-list\">\n                                                           <span class=\"sub-text\">At \u00d8kern Bilpleie, leather interiors are treated with the right products, the right methods, and genuine professional pride.<\/span>\n                                                                                        \n                                                                                <\/div>                        \n                    <\/li>\n                \n            <\/ul>                          \n        <\/div>\n        \t\t\t\t<\/div>\n\t\t\t\t<\/div>\n\t\t\t\t<\/div>\n\t\t\t\t\t<\/div>\n\t\t\t\t<\/div>\n\t\t<div class=\"elementor-element elementor-element-5209abf e-con-full e-flex e-con e-parent\" data-id=\"5209abf\" data-element_type=\"container\" data-settings=\"{&quot;background_background&quot;:&quot;classic&quot;}\">\n\t\t<div class=\"elementor-element elementor-element-a96ce8f e-con-full e-flex e-con e-child\" data-id=\"a96ce8f\" data-element_type=\"container\" data-settings=\"{&quot;position&quot;:&quot;absolute&quot;}\">\n\t\t\t\t<\/div>\n\t\t<div class=\"elementor-element elementor-element-878d541 e-con-full e-flex e-con e-child\" data-id=\"878d541\" data-element_type=\"container\" data-settings=\"{&quot;position&quot;:&quot;absolute&quot;}\">\n\t\t\t\t<\/div>\n\t\t\t\t<\/div>\n\t\t<div class=\"elementor-element elementor-element-f7d850a e-flex e-con-boxed e-con e-parent\" data-id=\"f7d850a\" data-element_type=\"container\" data-settings=\"{&quot;background_background&quot;:&quot;classic&quot;}\">\n\t\t\t\t\t<div class=\"e-con-inner\">\n\t\t<div class=\"elementor-element elementor-element-b467786 e-con-full e-flex e-con e-child\" data-id=\"b467786\" data-element_type=\"container\">\n\t\t\t\t<div class=\"elementor-element elementor-element-0bfa7c5 elementor-widget elementor-widget-react-heading\" data-id=\"0bfa7c5\" data-element_type=\"widget\" data-widget_type=\"react-heading.default\">\n\t\t\t\t<div class=\"elementor-widget-container\">\n\t\t\t\t\t\r\n\t\t<div class=\"react-heading\">\r\n\t\t    <div class=\"rts__section__inner\">\r\n\t\t\t   <span class=\"rts__section__subtitle wow animated fadeInUp\" data-wow-delay=\"0ms\" data-wow-duration=\"ms\">Leather care<\/span>\r\n\t\t    <h2 class=\"rts__section__title wow animated fadeInUp\" data-wow-delay=\"0ms\" data-wow-duration=\"ms\">Professional leather care and protection<\/h2>\t\t\t   \t\t    <\/div>\r\n\t\t<\/div>\r\n\t\t\t\t\t\t<\/div>\n\t\t\t\t<\/div>\n\t\t<div class=\"elementor-element elementor-element-e7942aa e-grid e-con-full e-con e-child\" data-id=\"e7942aa\" data-element_type=\"container\">\n\t\t<div class=\"elementor-element elementor-element-8c39a49 e-con-full e-flex e-con e-child\" data-id=\"8c39a49\" data-element_type=\"container\" data-settings=\"{&quot;background_background&quot;:&quot;classic&quot;}\">\n\t\t\t\t<div class=\"elementor-element elementor-element-1f8c4e0 elementor-widget elementor-widget-heading\" data-id=\"1f8c4e0\" data-element_type=\"widget\" data-widget_type=\"heading.default\">\n\t\t\t\t\t<h5 class=\"elementor-heading-title elementor-size-default\">Prices<\/h5>\t\t\t\t<\/div>\n\t\t<div class=\"elementor-element elementor-element-10e8cd0 e-con-full e-flex e-con e-child\" data-id=\"10e8cd0\" data-element_type=\"container\">\n\t\t<div class=\"elementor-element elementor-element-992f0c7 e-con-full e-flex e-con e-child\" data-id=\"992f0c7\" data-element_type=\"container\" data-settings=\"{&quot;background_background&quot;:&quot;classic&quot;}\">\n\t\t\t\t<div class=\"elementor-element elementor-element-2792374 elementor-widget elementor-widget-text-editor\" data-id=\"2792374\" data-element_type=\"widget\" data-widget_type=\"text-editor.default\">\n\t\t\t\t\t\t\t\t\t<p>Small car<\/p>\t\t\t\t\t\t\t\t<\/div>\n\t\t\t\t<div class=\"elementor-element elementor-element-6897862 elementor-widget elementor-widget-text-editor\" data-id=\"6897862\" data-element_type=\"widget\" data-widget_type=\"text-editor.default\">\n\t\t\t\t\t\t\t\t\t1390,-\t\t\t\t\t\t\t\t<\/div>\n\t\t\t\t<\/div>\n\t\t<div class=\"elementor-element elementor-element-2143d64 e-con-full e-flex e-con e-child\" data-id=\"2143d64\" data-element_type=\"container\" data-settings=\"{&quot;background_background&quot;:&quot;classic&quot;}\">\n\t\t\t\t<div class=\"elementor-element elementor-element-f5a4387 elementor-widget elementor-widget-text-editor\" data-id=\"f5a4387\" data-element_type=\"widget\" data-widget_type=\"text-editor.default\">\n\t\t\t\t\t\t\t\t\tPassenger car\t\t\t\t\t\t\t\t<\/div>\n\t\t\t\t<div class=\"elementor-element elementor-element-0e8a076 elementor-widget elementor-widget-text-editor\" data-id=\"0e8a076\" data-element_type=\"widget\" data-widget_type=\"text-editor.default\">\n\t\t\t\t\t\t\t\t\t1590,-\t\t\t\t\t\t\t\t<\/div>\n\t\t\t\t<\/div>\n\t\t<div class=\"elementor-element elementor-element-7a78373 e-con-full e-flex e-con e-child\" data-id=\"7a78373\" data-element_type=\"container\" data-settings=\"{&quot;background_background&quot;:&quot;classic&quot;}\">\n\t\t\t\t<div class=\"elementor-element elementor-element-06582cb elementor-widget elementor-widget-text-editor\" data-id=\"06582cb\" data-element_type=\"widget\" data-widget_type=\"text-editor.default\">\n\t\t\t\t\t\t\t\t\tStorbil\/ liten suv\t\t\t\t\t\t\t\t<\/div>\n\t\t\t\t<div class=\"elementor-element elementor-element-9f9dc61 elementor-widget elementor-widget-text-editor\" data-id=\"9f9dc61\" data-element_type=\"widget\" data-widget_type=\"text-editor.default\">\n\t\t\t\t\t\t\t\t\t1790,-\t\t\t\t\t\t\t\t<\/div>\n\t\t\t\t<\/div>\n\t\t<div class=\"elementor-element elementor-element-cca8409 e-con-full e-flex e-con e-child\" data-id=\"cca8409\" data-element_type=\"container\" data-settings=\"{&quot;background_background&quot;:&quot;classic&quot;}\">\n\t\t\t\t<div class=\"elementor-element elementor-element-addcc8f elementor-widget elementor-widget-text-editor\" data-id=\"addcc8f\" data-element_type=\"widget\" data-widget_type=\"text-editor.default\">\n\t\t\t\t\t\t\t\t\tSUV\t\t\t\t\t\t\t\t<\/div>\n\t\t\t\t<div class=\"elementor-element elementor-element-0d4af35 elementor-widget elementor-widget-text-editor\" data-id=\"0d4af35\" data-element_type=\"widget\" data-widget_type=\"text-editor.default\">\n\t\t\t\t\t\t\t\t\t2390,-\t\t\t\t\t\t\t\t<\/div>\n\t\t\t\t<\/div>\n\t\t<div class=\"elementor-element elementor-element-2ad9d49 e-con-full e-flex e-con e-child\" data-id=\"2ad9d49\" data-element_type=\"container\" data-settings=\"{&quot;background_background&quot;:&quot;classic&quot;}\">\n\t\t\t\t<div class=\"elementor-element elementor-element-0c4db9d elementor-widget elementor-widget-text-editor\" data-id=\"0c4db9d\" data-element_type=\"widget\" data-widget_type=\"text-editor.default\">\n\t\t\t\t\t\t\t\t\tEkstra stor suv\/ varebil\t\t\t\t\t\t\t\t<\/div>\n\t\t\t\t<div class=\"elementor-element elementor-element-cf9bae5 elementor-widget elementor-widget-text-editor\" data-id=\"cf9bae5\" data-element_type=\"widget\" data-widget_type=\"text-editor.default\">\n\t\t\t\t\t\t\t\t\t2890,-\t\t\t\t\t\t\t\t<\/div>\n\t\t\t\t<\/div>\n\t\t\t\t<\/div>\n\t\t\t\t<\/div>\n\t\t\t\t<\/div>\n\t\t\t\t<\/div>\n\t\t\t\t\t<\/div>\n\t\t\t\t<\/div>\n\t\t<div class=\"elementor-element elementor-element-1e59b9b e-flex e-con-boxed e-con e-parent\" data-id=\"1e59b9b\" data-element_type=\"container\" data-settings=\"{&quot;background_background&quot;:&quot;classic&quot;}\">\n\t\t\t\t\t<div class=\"e-con-inner\">\n\t\t<div class=\"elementor-element elementor-element-32a574f e-con-full e-flex e-con e-child\" data-id=\"32a574f\" data-element_type=\"container\">\n\t\t\t\t<div class=\"elementor-element elementor-element-c9574f4 elementor-widget elementor-widget-heading\" data-id=\"c9574f4\" data-element_type=\"widget\" data-widget_type=\"heading.default\">\n\t\t\t\t\t<h3 class=\"elementor-heading-title elementor-size-default\">Ready for a clean and polished car?<\/h3>\t\t\t\t<\/div>\n\t\t\t\t<\/div>\n\t\t<div class=\"elementor-element elementor-element-2d9aa1a e-con-full e-flex e-con e-child\" data-id=\"2d9aa1a\" data-element_type=\"container\">\n\t\t\t\t<div class=\"elementor-element elementor-element-920adab elementor-widget elementor-widget-rt-button\" data-id=\"920adab\" data-element_type=\"widget\" data-widget_type=\"rt-button.default\">\n\t\t\t\t<div class=\"elementor-widget-container\">\n\t\t\t\t\t          \r\n          <a class=\"rts__main__btn\" href=\"\/en\/bestill-time\/\" data-hover=\"Bestill time\">\r\n          <span>Book an appointment<\/span>\r\n          <\/a>\t\t\t\t<\/div>\n\t\t\t\t<\/div>\n\t\t\t\t<\/div>\n\t\t\t\t\t<\/div>\n\t\t\t\t<\/div>\n\t\t\t\t<\/div>","protected":false},"excerpt":{"rendered":"<p>PROFESJONELL SKINNPLEIE Skinnbehandling \u2013 rens, pleie og beskyttelse Vi tilbyr profesjonell skinnbehandling som renser, pleier og beskytter skinninteri\u00f8ret i bilen din. Behandlingen utf\u00f8res med h\u00f8ykvalitetsprodukter fra Koch Chemie, utviklet for effektiv og sk\u00e5nsom behandling av moderne skinnmaterialer. Bestill time KVALITET SOM VARER Forlenger levetiden p\u00e5 skinninteri\u00f8ret Grundig og sk\u00e5nsom rens av skinn Skinnet renses grundig&#8230;<\/p>","protected":false},"author":1,"featured_media":0,"parent":0,"menu_order":0,"comment_status":"closed","ping_status":"closed","template":"elementor_header_footer","meta":{"footnotes":""},"class_list":["post-3924","page","type-page","status-publish","hentry"],"_links":{"self":[{"href":"https:\/\/okernbilpleie.no\/en\/wp-json\/wp\/v2\/pages\/3924","targetHints":{"allow":["GET"]}}],"collection":[{"href":"https:\/\/okernbilpleie.no\/en\/wp-json\/wp\/v2\/pages"}],"about":[{"href":"https:\/\/okernbilpleie.no\/en\/wp-json\/wp\/v2\/types\/page"}],"author":[{"embeddable":true,"href":"https:\/\/okernbilpleie.no\/en\/wp-json\/wp\/v2\/users\/1"}],"replies":[{"embeddable":true,"href":"https:\/\/okernbilpleie.no\/en\/wp-json\/wp\/v2\/comments?post=3924"}],"version-history":[{"count":43,"href":"https:\/\/okernbilpleie.no\/en\/wp-json\/wp\/v2\/pages\/3924\/revisions"}],"predecessor-version":[{"id":4371,"href":"https:\/\/okernbilpleie.no\/en\/wp-json\/wp\/v2\/pages\/3924\/revisions\/4371"}],"wp:attachment":[{"href":"https:\/\/okernbilpleie.no\/en\/wp-json\/wp\/v2\/media?parent=3924"}],"curies":[{"name":"wp","href":"https:\/\/api.w.org\/{rel}","templated":true}]}}