{"id":3975,"date":"2026-01-29T11:26:43","date_gmt":"2026-01-29T11:26:43","guid":{"rendered":"https:\/\/okernbilpleie.no\/?page_id=3975"},"modified":"2026-02-02T10:22:42","modified_gmt":"2026-02-02T10:22:42","slug":"interiorrens","status":"publish","type":"page","link":"https:\/\/okernbilpleie.no\/en\/interiorrens\/","title":{"rendered":"Interi\u00f8rrens"},"content":{"rendered":"<div data-elementor-type=\"wp-page\" data-elementor-id=\"3975\" class=\"elementor elementor-3975\">\n\t\t\t\t<div class=\"elementor-element elementor-element-841c62d e-con-full e-flex e-con e-parent\" data-id=\"841c62d\" data-element_type=\"container\" data-settings=\"{&quot;background_background&quot;:&quot;classic&quot;}\">\n\t\t<div class=\"elementor-element elementor-element-026359d e-con-full e-flex e-con e-child\" data-id=\"026359d\" data-element_type=\"container\">\n\t\t\t\t<div class=\"elementor-element elementor-element-0216d70 elementor-widget elementor-widget-react-heading\" data-id=\"0216d70\" data-element_type=\"widget\" data-widget_type=\"react-heading.default\">\n\t\t\t\t<div class=\"elementor-widget-container\">\n\t\t\t\t\t\r\n\t\t<div class=\"react-heading\">\r\n\t\t    <div class=\"rts__section__inner\">\r\n\t\t\t   <span class=\"rts__section__subtitle wow animated fadeInUp\" data-wow-delay=\"0ms\" data-wow-duration=\"ms\">FOCUS ON DETAILS<\/span>\r\n\t\t    <h1 class=\"rts__section__title wow animated fadeInUp\" data-wow-delay=\"0ms\" data-wow-duration=\"ms\">Interior cleaning \u2013 thorough, gentle and professional<\/h1>\t\t\t   <div class=\"rts__section__description wow animated fadeInUp\" data-wow-delay=\"0ms\" data-wow-duration=\"ms\">We offer professional interior cleaning with a strong focus on quality, details and first-class results. When cleaning your vehicle\u2019s interior, we use recognized products from Koch Chemie, known for their high quality, effectiveness and gentle treatment of all surfaces.<\/div>\t\t    <\/div>\r\n\t\t<\/div>\r\n\t\t\t\t\t\t<\/div>\n\t\t\t\t<\/div>\n\t\t\t\t<div class=\"elementor-element elementor-element-de6861b elementor-invisible elementor-widget elementor-widget-rt-button\" data-id=\"de6861b\" data-element_type=\"widget\" data-settings=\"{&quot;_animation&quot;:&quot;fadeInUp&quot;}\" data-widget_type=\"rt-button.default\">\n\t\t\t\t<div class=\"elementor-widget-container\">\n\t\t\t\t\t          \r\n          <a class=\"rts__main__btn\" href=\"\/en\/bestill-time\/\" data-hover=\"Bestill time\">\r\n          <span>Book an appointment<\/span>\r\n          <\/a>\t\t\t\t<\/div>\n\t\t\t\t<\/div>\n\t\t\t\t<\/div>\n\t\t<div class=\"elementor-element elementor-element-e0a00b7 e-con-full e-flex e-con e-child\" data-id=\"e0a00b7\" data-element_type=\"container\">\n\t\t\t\t<div class=\"elementor-element elementor-element-eb7b802 rtimg-contain elementor-widget elementor-widget-image\" data-id=\"eb7b802\" data-element_type=\"widget\" data-widget_type=\"image.default\">\n\t\t\t\t\t\t\t\t\t\t\t\t\t\t\t<img fetchpriority=\"high\" decoding=\"async\" width=\"1000\" height=\"1001\" src=\"https:\/\/okernbilpleie.no\/wp-content\/uploads\/2026\/01\/bilvask14470-opt-cr.jpg\" class=\"attachment-full size-full wp-image-3999\" alt=\"\" \/>\t\t\t\t\t\t\t\t\t\t\t\t\t\t\t<\/div>\n\t\t\t\t<\/div>\n\t\t\t\t<\/div>\n\t\t<div class=\"elementor-element elementor-element-c550ade e-flex e-con-boxed e-con e-parent\" data-id=\"c550ade\" data-element_type=\"container\" data-settings=\"{&quot;background_background&quot;:&quot;classic&quot;}\">\n\t\t\t\t\t<div class=\"e-con-inner\">\n\t\t<div class=\"elementor-element elementor-element-0fc00ae e-grid e-con-full e-con e-child\" data-id=\"0fc00ae\" data-element_type=\"container\">\n\t\t<div class=\"elementor-element elementor-element-ae88d93 e-con-full e-flex e-con e-child\" data-id=\"ae88d93\" data-element_type=\"container\" data-settings=\"{&quot;background_background&quot;:&quot;classic&quot;}\">\n\t\t\t\t<div class=\"elementor-element elementor-element-764209a elementor-invisible elementor-widget elementor-widget-heading\" data-id=\"764209a\" data-element_type=\"widget\" data-settings=\"{&quot;_animation&quot;:&quot;fadeInUp&quot;}\" data-widget_type=\"heading.default\">\n\t\t\t\t\t<h6 class=\"elementor-heading-title elementor-size-default\">Systematic cleaning of the entire interior<\/h6>\t\t\t\t<\/div>\n\t\t\t\t<div class=\"elementor-element elementor-element-317fe7f elementor-widget elementor-widget-text-editor\" data-id=\"317fe7f\" data-element_type=\"widget\" data-widget_type=\"text-editor.default\">\n\t\t\t\t\t\t\t\t\t<p>The interior cleaning is carried out thoroughly and systematically, and includes cleaning of seats, carpets, mats, door panels, the dashboard and other interior surfaces. We safely remove dirt, stains, odors and bacteria, while preserving materials and extending their lifespan.<\/p>\t\t\t\t\t\t\t\t<\/div>\n\t\t\t\t<\/div>\n\t\t<div class=\"elementor-element elementor-element-0e4ac64 e-con-full e-flex e-con e-child\" data-id=\"0e4ac64\" data-element_type=\"container\" data-settings=\"{&quot;background_background&quot;:&quot;classic&quot;}\">\n\t\t\t\t<div class=\"elementor-element elementor-element-b9c64bb elementor-invisible elementor-widget elementor-widget-heading\" data-id=\"b9c64bb\" data-element_type=\"widget\" data-settings=\"{&quot;_animation&quot;:&quot;fadeInUp&quot;}\" data-widget_type=\"heading.default\">\n\t\t\t\t\t<h6 class=\"elementor-heading-title elementor-size-default\">Focus on details and the highest quality<\/h6>\t\t\t\t<\/div>\n\t\t\t\t<div class=\"elementor-element elementor-element-ad356a0 elementor-widget elementor-widget-text-editor\" data-id=\"ad356a0\" data-element_type=\"widget\" data-widget_type=\"text-editor.default\">\n\t\t\t\t\t\t\t\t\tOur goal is always to deliver the highest possible quality and a result you can be truly satisfied with. We work carefully, take the time needed for the details, and tailor each treatment to the vehicle\u2019s specific needs. Whether it\u2019s everyday wear or more demanding cleaning, we do our utmost to give your car a fresh, clean and well-maintained interior. With us, you can be confident that your vehicle is treated with respect, the right products, and strong professional pride.\t\t\t\t\t\t\t\t<\/div>\n\t\t\t\t<\/div>\n\t\t\t\t<\/div>\n\t\t\t\t\t<\/div>\n\t\t\t\t<\/div>\n\t\t<div class=\"elementor-element elementor-element-cd4035a e-flex e-con-boxed e-con e-parent\" data-id=\"cd4035a\" data-element_type=\"container\" data-settings=\"{&quot;background_background&quot;:&quot;classic&quot;}\">\n\t\t\t\t\t<div class=\"e-con-inner\">\n\t\t<div class=\"elementor-element elementor-element-52f98e0 e-con-full e-flex e-con e-child\" data-id=\"52f98e0\" data-element_type=\"container\">\n\t\t\t\t<div class=\"elementor-element elementor-element-636cba5 elementor-widget elementor-widget-react-heading\" data-id=\"636cba5\" data-element_type=\"widget\" data-widget_type=\"react-heading.default\">\n\t\t\t\t<div class=\"elementor-widget-container\">\n\t\t\t\t\t\r\n\t\t<div class=\"react-heading\">\r\n\t\t    <div class=\"rts__section__inner\">\r\n\t\t\t   <span class=\"rts__section__subtitle wow animated fadeInUp\" data-wow-delay=\"0ms\" data-wow-duration=\"ms\">Interi\u00f8rpleie<\/span>\r\n\t\t    <h2 class=\"rts__section__title wow animated fadeInUp\" data-wow-delay=\"0ms\" data-wow-duration=\"ms\">Grundig og profesjonell interi\u00f8rrens<\/h2>\t\t\t   \t\t    <\/div>\r\n\t\t<\/div>\r\n\t\t\t\t\t\t<\/div>\n\t\t\t\t<\/div>\n\t\t<div class=\"elementor-element elementor-element-ed5fac8 e-grid e-con-full e-con e-child\" data-id=\"ed5fac8\" data-element_type=\"container\">\n\t\t<div class=\"elementor-element elementor-element-685f30f e-con-full e-flex e-con e-child\" data-id=\"685f30f\" data-element_type=\"container\" data-settings=\"{&quot;background_background&quot;:&quot;classic&quot;}\">\n\t\t\t\t<div class=\"elementor-element elementor-element-8c972f5 elementor-widget elementor-widget-heading\" data-id=\"8c972f5\" data-element_type=\"widget\" data-widget_type=\"heading.default\">\n\t\t\t\t\t<h5 class=\"elementor-heading-title elementor-size-default\">The service includes:<\/h5>\t\t\t\t<\/div>\n\t\t\t\t<div class=\"elementor-element elementor-element-9499860 elementor-align-left elementor-widget-laptop__width-initial elementor-icon-list--layout-traditional elementor-list-item-link-full_width elementor-widget elementor-widget-icon-list\" data-id=\"9499860\" data-element_type=\"widget\" data-widget_type=\"icon-list.default\">\n\t\t\t\t<div class=\"elementor-widget-container\">\n\t\t\t\t\t<ul class=\"elementor-icon-list-items\"><li class=\"elementor-icon-list-item\" ><span class=\"elementor-icon-list-icon\"><svg aria-hidden=\"true\" class=\"e-font-icon-svg e-fas-check\" viewbox=\"0 0 512 512\" xmlns=\"http:\/\/www.w3.org\/2000\/svg\"><path d=\"M173.898 439.404l-166.4-166.4c-9.997-9.997-9.997-26.206 0-36.204l36.203-36.204c9.997-9.998 26.207-9.998 36.204 0L192 312.69 432.095 72.596c9.997-9.997 26.207-9.997 36.204 0l36.203 36.204c9.997 9.997 9.997 26.206 0 36.204l-294.4 294.401c-9.998 9.997-26.207 9.997-36.204-.001z\"><\/path><\/svg><\/span><span class=\"elementor-icon-list-text\">Thorough cleaning of the entire interior<\/span><\/li><li class=\"elementor-icon-list-item\" ><span class=\"elementor-icon-list-icon\"><svg aria-hidden=\"true\" class=\"e-font-icon-svg e-fas-check\" viewbox=\"0 0 512 512\" xmlns=\"http:\/\/www.w3.org\/2000\/svg\"><path d=\"M173.898 439.404l-166.4-166.4c-9.997-9.997-9.997-26.206 0-36.204l36.203-36.204c9.997-9.998 26.207-9.998 36.204 0L192 312.69 432.095 72.596c9.997-9.997 26.207-9.997 36.204 0l36.203 36.204c9.997 9.997 9.997 26.206 0 36.204l-294.4 294.401c-9.998 9.997-26.207 9.997-36.204-.001z\"><\/path><\/svg><\/span><span class=\"elementor-icon-list-text\">Cleaning and treatment of door frames and door panels<\/span><\/li><li class=\"elementor-icon-list-item\" ><span class=\"elementor-icon-list-icon\"><svg aria-hidden=\"true\" class=\"e-font-icon-svg e-fas-check\" viewbox=\"0 0 512 512\" xmlns=\"http:\/\/www.w3.org\/2000\/svg\"><path d=\"M173.898 439.404l-166.4-166.4c-9.997-9.997-9.997-26.206 0-36.204l36.203-36.204c9.997-9.998 26.207-9.998 36.204 0L192 312.69 432.095 72.596c9.997-9.997 26.207-9.997 36.204 0l36.203 36.204c9.997 9.997 9.997 26.206 0 36.204l-294.4 294.401c-9.998 9.997-26.207 9.997-36.204-.001z\"><\/path><\/svg><\/span><span class=\"elementor-icon-list-text\">Full interior chemical deep cleaning<\/span><\/li><li class=\"elementor-icon-list-item\" ><span class=\"elementor-icon-list-icon\"><svg aria-hidden=\"true\" class=\"e-font-icon-svg e-fas-check\" viewbox=\"0 0 512 512\" xmlns=\"http:\/\/www.w3.org\/2000\/svg\"><path d=\"M173.898 439.404l-166.4-166.4c-9.997-9.997-9.997-26.206 0-36.204l36.203-36.204c9.997-9.998 26.207-9.998 36.204 0L192 312.69 432.095 72.596c9.997-9.997 26.207-9.997 36.204 0l36.203 36.204c9.997 9.997 9.997 26.206 0 36.204l-294.4 294.401c-9.998 9.997-26.207 9.997-36.204-.001z\"><\/path><\/svg><\/span><span class=\"elementor-icon-list-text\">Interior window cleaning<\/span><\/li><li class=\"elementor-icon-list-item\" ><span class=\"elementor-icon-list-icon\"><svg aria-hidden=\"true\" class=\"e-font-icon-svg e-fas-check\" viewbox=\"0 0 512 512\" xmlns=\"http:\/\/www.w3.org\/2000\/svg\"><path d=\"M173.898 439.404l-166.4-166.4c-9.997-9.997-9.997-26.206 0-36.204l36.203-36.204c9.997-9.998 26.207-9.998 36.204 0L192 312.69 432.095 72.596c9.997-9.997 26.207-9.997 36.204 0l36.203 36.204c9.997 9.997 9.997 26.206 0 36.204l-294.4 294.401c-9.998 9.997-26.207 9.997-36.204-.001z\"><\/path><\/svg><\/span><span class=\"elementor-icon-list-text\">Extra thorough vacuuming, drying, and air blowing<\/span><\/li><li class=\"elementor-icon-list-item\" ><span class=\"elementor-icon-list-icon\"><svg aria-hidden=\"true\" class=\"e-font-icon-svg e-fas-check\" viewbox=\"0 0 512 512\" xmlns=\"http:\/\/www.w3.org\/2000\/svg\"><path d=\"M173.898 439.404l-166.4-166.4c-9.997-9.997-9.997-26.206 0-36.204l36.203-36.204c9.997-9.998 26.207-9.998 36.204 0L192 312.69 432.095 72.596c9.997-9.997 26.207-9.997 36.204 0l36.203 36.204c9.997 9.997 9.997 26.206 0 36.204l-294.4 294.401c-9.998 9.997-26.207 9.997-36.204-.001z\"><\/path><\/svg><\/span><span class=\"elementor-icon-list-text\">Tire treatment with tire dressing<\/span><\/li><li class=\"elementor-icon-list-item\" ><span class=\"elementor-icon-list-icon\"><svg aria-hidden=\"true\" class=\"e-font-icon-svg e-fas-check\" viewbox=\"0 0 512 512\" xmlns=\"http:\/\/www.w3.org\/2000\/svg\"><path d=\"M173.898 439.404l-166.4-166.4c-9.997-9.997-9.997-26.206 0-36.204l36.203-36.204c9.997-9.998 26.207-9.998 36.204 0L192 312.69 432.095 72.596c9.997-9.997 26.207-9.997 36.204 0l36.203 36.204c9.997 9.997 9.997 26.206 0 36.204l-294.4 294.401c-9.998 9.997-26.207 9.997-36.204-.001z\"><\/path><\/svg><\/span><span class=\"elementor-icon-list-text\">Cleaning of floor mats with application of rubber dressing<\/span><\/li><li class=\"elementor-icon-list-item\" ><span class=\"elementor-icon-list-icon\"><svg aria-hidden=\"true\" class=\"e-font-icon-svg e-fas-check\" viewbox=\"0 0 512 512\" xmlns=\"http:\/\/www.w3.org\/2000\/svg\"><path d=\"M173.898 439.404l-166.4-166.4c-9.997-9.997-9.997-26.206 0-36.204l36.203-36.204c9.997-9.998 26.207-9.998 36.204 0L192 312.69 432.095 72.596c9.997-9.997 26.207-9.997 36.204 0l36.203 36.204c9.997 9.997 9.997 26.206 0 36.204l-294.4 294.401c-9.998 9.997-26.207 9.997-36.204-.001z\"><\/path><\/svg><\/span><span class=\"elementor-icon-list-text\">Deep cleaning of all textile surfaces, including seats<\/span><\/li><li class=\"elementor-icon-list-item\" ><span class=\"elementor-icon-list-icon\"><svg aria-hidden=\"true\" class=\"e-font-icon-svg e-fas-check\" viewbox=\"0 0 512 512\" xmlns=\"http:\/\/www.w3.org\/2000\/svg\"><path d=\"M173.898 439.404l-166.4-166.4c-9.997-9.997-9.997-26.206 0-36.204l36.203-36.204c9.997-9.998 26.207-9.998 36.204 0L192 312.69 432.095 72.596c9.997-9.997 26.207-9.997 36.204 0l36.203 36.204c9.997 9.997 9.997 26.206 0 36.204l-294.4 294.401c-9.998 9.997-26.207 9.997-36.204-.001z\"><\/path><\/svg><\/span><span class=\"elementor-icon-list-text\">Provides a fresh and well-maintained appearance \u2013 like a new car<\/span><\/li><\/ul>\t\t\t\t<\/div>\n\t\t\t\t<\/div>\n\t\t\t\t<\/div>\n\t\t<div class=\"elementor-element elementor-element-182eb80 e-con-full e-flex e-con e-child\" data-id=\"182eb80\" data-element_type=\"container\" data-settings=\"{&quot;background_background&quot;:&quot;classic&quot;}\">\n\t\t\t\t<div class=\"elementor-element elementor-element-4772175 elementor-widget elementor-widget-heading\" data-id=\"4772175\" data-element_type=\"widget\" data-widget_type=\"heading.default\">\n\t\t\t\t\t<h5 class=\"elementor-heading-title elementor-size-default\">Prices \u2013 Full interior cleaning<\/h5>\t\t\t\t<\/div>\n\t\t<div class=\"elementor-element elementor-element-36dc235 e-con-full e-flex e-con e-child\" data-id=\"36dc235\" data-element_type=\"container\">\n\t\t<div class=\"elementor-element elementor-element-68b6884 e-con-full e-flex e-con e-child\" data-id=\"68b6884\" data-element_type=\"container\" data-settings=\"{&quot;background_background&quot;:&quot;classic&quot;}\">\n\t\t\t\t<div class=\"elementor-element elementor-element-1fc073a elementor-widget elementor-widget-text-editor\" data-id=\"1fc073a\" data-element_type=\"widget\" data-widget_type=\"text-editor.default\">\n\t\t\t\t\t\t\t\t\t<p>Small car<\/p>\t\t\t\t\t\t\t\t<\/div>\n\t\t\t\t<div class=\"elementor-element elementor-element-6e6cad0 elementor-widget elementor-widget-text-editor\" data-id=\"6e6cad0\" data-element_type=\"widget\" data-widget_type=\"text-editor.default\">\n\t\t\t\t\t\t\t\t\t3500,-\t\t\t\t\t\t\t\t<\/div>\n\t\t\t\t<\/div>\n\t\t<div class=\"elementor-element elementor-element-c30d67b e-con-full e-flex e-con e-child\" data-id=\"c30d67b\" data-element_type=\"container\" data-settings=\"{&quot;background_background&quot;:&quot;classic&quot;}\">\n\t\t\t\t<div class=\"elementor-element elementor-element-8d7d5b2 elementor-widget elementor-widget-text-editor\" data-id=\"8d7d5b2\" data-element_type=\"widget\" data-widget_type=\"text-editor.default\">\n\t\t\t\t\t\t\t\t\tPassenger car\t\t\t\t\t\t\t\t<\/div>\n\t\t\t\t<div class=\"elementor-element elementor-element-de77bde elementor-widget elementor-widget-text-editor\" data-id=\"de77bde\" data-element_type=\"widget\" data-widget_type=\"text-editor.default\">\n\t\t\t\t\t\t\t\t\t3900,-\t\t\t\t\t\t\t\t<\/div>\n\t\t\t\t<\/div>\n\t\t<div class=\"elementor-element elementor-element-c934251 e-con-full e-flex e-con e-child\" data-id=\"c934251\" data-element_type=\"container\" data-settings=\"{&quot;background_background&quot;:&quot;classic&quot;}\">\n\t\t\t\t<div class=\"elementor-element elementor-element-12b23f5 elementor-widget elementor-widget-text-editor\" data-id=\"12b23f5\" data-element_type=\"widget\" data-widget_type=\"text-editor.default\">\n\t\t\t\t\t\t\t\t\tStorbil\/ liten suv\t\t\t\t\t\t\t\t<\/div>\n\t\t\t\t<div class=\"elementor-element elementor-element-dc1820e elementor-widget elementor-widget-text-editor\" data-id=\"dc1820e\" data-element_type=\"widget\" data-widget_type=\"text-editor.default\">\n\t\t\t\t\t\t\t\t\t4100,-\t\t\t\t\t\t\t\t<\/div>\n\t\t\t\t<\/div>\n\t\t<div class=\"elementor-element elementor-element-468991f e-con-full e-flex e-con e-child\" data-id=\"468991f\" data-element_type=\"container\" data-settings=\"{&quot;background_background&quot;:&quot;classic&quot;}\">\n\t\t\t\t<div class=\"elementor-element elementor-element-f31def8 elementor-widget elementor-widget-text-editor\" data-id=\"f31def8\" data-element_type=\"widget\" data-widget_type=\"text-editor.default\">\n\t\t\t\t\t\t\t\t\tSUV\t\t\t\t\t\t\t\t<\/div>\n\t\t\t\t<div class=\"elementor-element elementor-element-7917556 elementor-widget elementor-widget-text-editor\" data-id=\"7917556\" data-element_type=\"widget\" data-widget_type=\"text-editor.default\">\n\t\t\t\t\t\t\t\t\t4800,-\t\t\t\t\t\t\t\t<\/div>\n\t\t\t\t<\/div>\n\t\t<div class=\"elementor-element elementor-element-847af38 e-con-full e-flex e-con e-child\" data-id=\"847af38\" data-element_type=\"container\" data-settings=\"{&quot;background_background&quot;:&quot;classic&quot;}\">\n\t\t\t\t<div class=\"elementor-element elementor-element-5ce3c28 elementor-widget elementor-widget-text-editor\" data-id=\"5ce3c28\" data-element_type=\"widget\" data-widget_type=\"text-editor.default\">\n\t\t\t\t\t\t\t\t\tEkstra stor suv\/ varebil\t\t\t\t\t\t\t\t<\/div>\n\t\t\t\t<div class=\"elementor-element elementor-element-2078d77 elementor-widget elementor-widget-text-editor\" data-id=\"2078d77\" data-element_type=\"widget\" data-widget_type=\"text-editor.default\">\n\t\t\t\t\t\t\t\t\t5800,-\t\t\t\t\t\t\t\t<\/div>\n\t\t\t\t<\/div>\n\t\t\t\t<\/div>\n\t\t\t\t<\/div>\n\t\t\t\t<\/div>\n\t\t\t\t<\/div>\n\t\t\t\t\t<\/div>\n\t\t\t\t<\/div>\n\t\t<div class=\"elementor-element elementor-element-7ed0ac8 e-flex e-con-boxed e-con e-parent\" data-id=\"7ed0ac8\" data-element_type=\"container\" data-settings=\"{&quot;background_background&quot;:&quot;classic&quot;}\">\n\t\t\t\t\t<div class=\"e-con-inner\">\n\t\t<div class=\"elementor-element elementor-element-04d65dd e-con-full e-flex e-con e-child\" data-id=\"04d65dd\" data-element_type=\"container\">\n\t\t\t\t<div class=\"elementor-element elementor-element-da548d9 elementor-widget elementor-widget-heading\" data-id=\"da548d9\" data-element_type=\"widget\" data-widget_type=\"heading.default\">\n\t\t\t\t\t<h3 class=\"elementor-heading-title elementor-size-default\">Ready for a clean and polished car?<\/h3>\t\t\t\t<\/div>\n\t\t\t\t<\/div>\n\t\t<div class=\"elementor-element elementor-element-2f81d8b e-con-full e-flex e-con e-child\" data-id=\"2f81d8b\" data-element_type=\"container\">\n\t\t\t\t<div class=\"elementor-element elementor-element-be074ee elementor-widget elementor-widget-rt-button\" data-id=\"be074ee\" data-element_type=\"widget\" data-widget_type=\"rt-button.default\">\n\t\t\t\t<div class=\"elementor-widget-container\">\n\t\t\t\t\t          \r\n          <a class=\"rts__main__btn\" href=\"\/en\/bestill-time\/\" data-hover=\"Bestill time\">\r\n          <span>Book an appointment<\/span>\r\n          <\/a>\t\t\t\t<\/div>\n\t\t\t\t<\/div>\n\t\t\t\t<\/div>\n\t\t\t\t\t<\/div>\n\t\t\t\t<\/div>\n\t\t\t\t<\/div>","protected":false},"excerpt":{"rendered":"<p>Fokus p\u00e5 detaljer Interi\u00f8rrens \u2013 grundig, sk\u00e5nsom og profesjonell behandling Vi tilbyr profesjonell interi\u00f8rrens med fokus p\u00e5 kvalitet, detaljer og et f\u00f8rsteklasses resultat. Ved rens av bilens interi\u00f8r benytter vi oss av anerkjente produkter fra Koch Chemie, kjent for h\u00f8y kvalitet, effektivitet og sk\u00e5nsom behandling av alle overflater. Bestill time Systematisk rens av hele interi\u00f8ret&#8230;<\/p>","protected":false},"author":1,"featured_media":0,"parent":0,"menu_order":0,"comment_status":"closed","ping_status":"closed","template":"elementor_header_footer","meta":{"footnotes":""},"class_list":["post-3975","page","type-page","status-publish","hentry"],"_links":{"self":[{"href":"https:\/\/okernbilpleie.no\/en\/wp-json\/wp\/v2\/pages\/3975","targetHints":{"allow":["GET"]}}],"collection":[{"href":"https:\/\/okernbilpleie.no\/en\/wp-json\/wp\/v2\/pages"}],"about":[{"href":"https:\/\/okernbilpleie.no\/en\/wp-json\/wp\/v2\/types\/page"}],"author":[{"embeddable":true,"href":"https:\/\/okernbilpleie.no\/en\/wp-json\/wp\/v2\/users\/1"}],"replies":[{"embeddable":true,"href":"https:\/\/okernbilpleie.no\/en\/wp-json\/wp\/v2\/comments?post=3975"}],"version-history":[{"count":25,"href":"https:\/\/okernbilpleie.no\/en\/wp-json\/wp\/v2\/pages\/3975\/revisions"}],"predecessor-version":[{"id":4280,"href":"https:\/\/okernbilpleie.no\/en\/wp-json\/wp\/v2\/pages\/3975\/revisions\/4280"}],"wp:attachment":[{"href":"https:\/\/okernbilpleie.no\/en\/wp-json\/wp\/v2\/media?parent=3975"}],"curies":[{"name":"wp","href":"https:\/\/api.w.org\/{rel}","templated":true}]}}