{"id":4012,"date":"2026-01-29T14:52:46","date_gmt":"2026-01-29T14:52:46","guid":{"rendered":"https:\/\/okernbilpleie.no\/?page_id=4012"},"modified":"2026-01-29T19:47:06","modified_gmt":"2026-01-29T19:47:06","slug":"bedriftsavtaler","status":"publish","type":"page","link":"https:\/\/okernbilpleie.no\/en\/bedriftsavtaler\/","title":{"rendered":"Business agreements"},"content":{"rendered":"<div data-elementor-type=\"wp-page\" data-elementor-id=\"4012\" class=\"elementor elementor-4012\">\n\t\t\t\t<div class=\"elementor-element elementor-element-5bb01d8 e-flex e-con-boxed e-con e-parent\" data-id=\"5bb01d8\" data-element_type=\"container\" data-settings=\"{&quot;background_background&quot;:&quot;classic&quot;}\">\n\t\t\t\t\t<div class=\"e-con-inner\">\n\t\t\t\t<div class=\"elementor-element elementor-element-5f5bb9d elementor-widget elementor-widget-rtbreadrumb\" data-id=\"5f5bb9d\" data-element_type=\"widget\" data-widget_type=\"rtbreadrumb.default\">\n\t\t\t\t<div class=\"elementor-widget-container\">\n\t\t\t\t\t    <div class=\"reactheme-breadcrumb\">\n        <div class=\"breadcrumb-inner\">\n            <div class=\"reactheme_page_title wow fadeInUp\" data-wow-delay=\"ms\" data-wow-duration=\"ms\">\n                <h1 class=\"page-title\">Business agreements<\/h1>\n            <\/div>\n\n            <div class=\"breadcrumb-path wow fadeInUp\" data-wow-delay=\"ms\" data-wow-duration=\"ms\">\n                <a href=\"https:\/\/okernbilpleie.no\/en\/\">Hjem<\/a><span class=\"breadcrumb-separator fas fa-chevron-right\"><\/span>Business agreements            <\/div>\n        <\/div>\n    <\/div>\n\t\t\t\t<\/div>\n\t\t\t\t<\/div>\n\t\t\t\t\t<\/div>\n\t\t\t\t<\/div>\n\t\t<div class=\"elementor-element elementor-element-14e9356 e-flex e-con-boxed e-con e-parent\" data-id=\"14e9356\" data-element_type=\"container\" data-settings=\"{&quot;background_background&quot;:&quot;classic&quot;}\">\n\t\t\t\t\t<div class=\"e-con-inner\">\n\t\t<div class=\"elementor-element elementor-element-1834392 e-con-full e-flex e-con e-child\" data-id=\"1834392\" data-element_type=\"container\">\n\t\t<div class=\"elementor-element elementor-element-54a4c90 e-con-full e-flex elementor-invisible e-con e-child\" data-id=\"54a4c90\" data-element_type=\"container\" data-settings=\"{&quot;animation&quot;:&quot;zoomIn&quot;}\">\n\t\t\t\t<div class=\"elementor-element elementor-element-267fd55 rtimg-contain elementor-invisible elementor-widget elementor-widget-image\" data-id=\"267fd55\" data-element_type=\"widget\" data-settings=\"{&quot;_animation&quot;:&quot;scaleIn&quot;}\" data-widget_type=\"image.default\">\n\t\t\t\t\t\t\t\t\t\t\t\t\t\t\t<img fetchpriority=\"high\" decoding=\"async\" width=\"640\" height=\"639\" src=\"https:\/\/okernbilpleie.no\/wp-content\/uploads\/2026\/01\/bilvask44opt-cr.jpg\" class=\"attachment-large size-large wp-image-3998\" alt=\"\" \/>\t\t\t\t\t\t\t\t\t\t\t\t\t\t\t<\/div>\n\t\t\t\t<\/div>\n\t\t<div class=\"elementor-element elementor-element-9346e09 e-con-full e-flex elementor-invisible e-con e-child\" data-id=\"9346e09\" data-element_type=\"container\" data-settings=\"{&quot;animation&quot;:&quot;zoomIn&quot;}\">\n\t\t\t\t<div class=\"elementor-element elementor-element-cc543bb rtimg-contain elementor-invisible elementor-widget elementor-widget-image\" data-id=\"cc543bb\" data-element_type=\"widget\" data-settings=\"{&quot;_animation&quot;:&quot;scaleIn&quot;}\" data-widget_type=\"image.default\">\n\t\t\t\t\t\t\t\t\t\t\t\t\t\t\t<img decoding=\"async\" width=\"640\" height=\"800\" src=\"https:\/\/okernbilpleie.no\/wp-content\/uploads\/2026\/01\/bil3-opt.jpg\" class=\"attachment-large size-large wp-image-4074\" alt=\"\" \/>\t\t\t\t\t\t\t\t\t\t\t\t\t\t\t<\/div>\n\t\t\t\t<\/div>\n\t\t\t\t<\/div>\n\t\t<div class=\"elementor-element elementor-element-5fcd8af e-con-full e-flex e-con e-child\" data-id=\"5fcd8af\" data-element_type=\"container\">\n\t\t\t\t<div class=\"elementor-element elementor-element-0900878 elementor-widget elementor-widget-react-heading\" data-id=\"0900878\" data-element_type=\"widget\" data-widget_type=\"react-heading.default\">\n\t\t\t\t<div class=\"elementor-widget-container\">\n\t\t\t\t\t\r\n\t\t<div class=\"react-heading\">\r\n\t\t    <div class=\"rts__section__inner\">\r\n\t\t\t   <span class=\"rts__section__subtitle\">FOR BUSINESSES<\/span>\r\n\t\t    <h2 class=\"rts__section__title\">Business agreements<\/h2>\t\t\t   \t\t    <\/div>\r\n\t\t<\/div>\r\n\t\t\t\t\t\t<\/div>\n\t\t\t\t<\/div>\n\t\t\t\t<div class=\"elementor-element elementor-element-64332a8 elementor-widget elementor-widget-text-editor\" data-id=\"64332a8\" data-element_type=\"widget\" data-widget_type=\"text-editor.default\">\n\t\t\t\t\t\t\t\t\t\u00d8kern Bilpleie offers tailor-made business agreements for companies with company cars, vehicle fleets, and service vehicles. We adapt the solutions to the company\u2019s needs, vehicle types, and usage patterns \u2014 whether you have one company car or a larger fleet.\t\t\t\t\t\t\t\t<\/div>\n\t\t\t\t<\/div>\n\t\t\t\t\t<\/div>\n\t\t\t\t<\/div>\n\t\t<div class=\"elementor-element elementor-element-5f7a05a e-flex e-con-boxed e-con e-parent\" data-id=\"5f7a05a\" data-element_type=\"container\" data-settings=\"{&quot;background_background&quot;:&quot;classic&quot;}\">\n\t\t\t\t\t<div class=\"e-con-inner\">\n\t\t<div class=\"elementor-element elementor-element-48a12d5 e-con-full e-flex e-con e-child\" data-id=\"48a12d5\" data-element_type=\"container\">\n\t\t<div class=\"elementor-element elementor-element-7260c84 e-grid e-con-full e-con e-child\" data-id=\"7260c84\" data-element_type=\"container\">\n\t\t<div class=\"elementor-element elementor-element-c75c396 e-con-full e-flex e-con e-child\" data-id=\"c75c396\" data-element_type=\"container\" data-settings=\"{&quot;background_background&quot;:&quot;classic&quot;}\">\n\t\t\t\t<div class=\"elementor-element elementor-element-7110be3 elementor-widget elementor-widget-heading\" data-id=\"7110be3\" data-element_type=\"widget\" data-widget_type=\"heading.default\">\n\t\t\t\t\t<h3 class=\"elementor-heading-title elementor-size-default\">With a fixed business agreement with us, you get:<\/h3>\t\t\t\t<\/div>\n\t\t\t\t<div class=\"elementor-element elementor-element-1a177de elementor-align-left elementor-widget-laptop__width-initial elementor-icon-list--layout-traditional elementor-list-item-link-full_width elementor-widget elementor-widget-icon-list\" data-id=\"1a177de\" data-element_type=\"widget\" data-widget_type=\"icon-list.default\">\n\t\t\t\t<div class=\"elementor-widget-container\">\n\t\t\t\t\t<ul class=\"elementor-icon-list-items\"><li class=\"elementor-icon-list-item\" ><span class=\"elementor-icon-list-icon\"><svg aria-hidden=\"true\" class=\"e-font-icon-svg e-fas-check\" viewbox=\"0 0 512 512\" xmlns=\"http:\/\/www.w3.org\/2000\/svg\"><path d=\"M173.898 439.404l-166.4-166.4c-9.997-9.997-9.997-26.206 0-36.204l36.203-36.204c9.997-9.998 26.207-9.998 36.204 0L192 312.69 432.095 72.596c9.997-9.997 26.207-9.997 36.204 0l36.203 36.204c9.997 9.997 9.997 26.206 0 36.204l-294.4 294.401c-9.998 9.997-26.207 9.997-36.204-.001z\"><\/path><\/svg><\/span><span class=\"elementor-icon-list-text\">Predictable pricing and flexible agreements<\/span><\/li><li class=\"elementor-icon-list-item\" ><span class=\"elementor-icon-list-icon\"><svg aria-hidden=\"true\" class=\"e-font-icon-svg e-fas-check\" viewbox=\"0 0 512 512\" xmlns=\"http:\/\/www.w3.org\/2000\/svg\"><path d=\"M173.898 439.404l-166.4-166.4c-9.997-9.997-9.997-26.206 0-36.204l36.203-36.204c9.997-9.998 26.207-9.998 36.204 0L192 312.69 432.095 72.596c9.997-9.997 26.207-9.997 36.204 0l36.203 36.204c9.997 9.997 9.997 26.206 0 36.204l-294.4 294.401c-9.998 9.997-26.207 9.997-36.204-.001z\"><\/path><\/svg><\/span><span class=\"elementor-icon-list-text\">Professional car wash and car care performed by qualified professionals<\/span><\/li><li class=\"elementor-icon-list-item\" ><span class=\"elementor-icon-list-icon\"><svg aria-hidden=\"true\" class=\"e-font-icon-svg e-fas-check\" viewbox=\"0 0 512 512\" xmlns=\"http:\/\/www.w3.org\/2000\/svg\"><path d=\"M173.898 439.404l-166.4-166.4c-9.997-9.997-9.997-26.206 0-36.204l36.203-36.204c9.997-9.998 26.207-9.998 36.204 0L192 312.69 432.095 72.596c9.997-9.997 26.207-9.997 36.204 0l36.203 36.204c9.997 9.997 9.997 26.206 0 36.204l-294.4 294.401c-9.998 9.997-26.207 9.997-36.204-.001z\"><\/path><\/svg><\/span><span class=\"elementor-icon-list-text\">Treatments tailored to vehicle usage and wear<\/span><\/li><li class=\"elementor-icon-list-item\" ><span class=\"elementor-icon-list-icon\"><svg aria-hidden=\"true\" class=\"e-font-icon-svg e-fas-check\" viewbox=\"0 0 512 512\" xmlns=\"http:\/\/www.w3.org\/2000\/svg\"><path d=\"M173.898 439.404l-166.4-166.4c-9.997-9.997-9.997-26.206 0-36.204l36.203-36.204c9.997-9.998 26.207-9.998 36.204 0L192 312.69 432.095 72.596c9.997-9.997 26.207-9.997 36.204 0l36.203 36.204c9.997 9.997 9.997 26.206 0 36.204l-294.4 294.401c-9.998 9.997-26.207 9.997-36.204-.001z\"><\/path><\/svg><\/span><span class=\"elementor-icon-list-text\">Option for fixed service intervals or on-demand service<\/span><\/li><li class=\"elementor-icon-list-item\" ><span class=\"elementor-icon-list-icon\"><svg aria-hidden=\"true\" class=\"e-font-icon-svg e-fas-check\" viewbox=\"0 0 512 512\" xmlns=\"http:\/\/www.w3.org\/2000\/svg\"><path d=\"M173.898 439.404l-166.4-166.4c-9.997-9.997-9.997-26.206 0-36.204l36.203-36.204c9.997-9.998 26.207-9.998 36.204 0L192 312.69 432.095 72.596c9.997-9.997 26.207-9.997 36.204 0l36.203 36.204c9.997 9.997 9.997 26.206 0 36.204l-294.4 294.401c-9.998 9.997-26.207 9.997-36.204-.001z\"><\/path><\/svg><\/span><span class=\"elementor-icon-list-text\">A representative and well-maintained vehicle at all times<\/span><\/li><\/ul>\t\t\t\t<\/div>\n\t\t\t\t<\/div>\n\t\t\t\t<\/div>\n\t\t<div class=\"elementor-element elementor-element-c165c10 e-con-full e-flex e-con e-child\" data-id=\"c165c10\" data-element_type=\"container\" data-settings=\"{&quot;background_background&quot;:&quot;classic&quot;}\">\n\t\t\t\t<div class=\"elementor-element elementor-element-4661197 elementor-widget elementor-widget-text-editor\" data-id=\"4661197\" data-element_type=\"widget\" data-widget_type=\"text-editor.default\">\n\t\t\t\t\t\t\t\t\tWe offer everything from regular washing and interior cleaning to full car care, polishing, and ceramic coating for company vehicles.\t\t\t\t\t\t\t\t<\/div>\n\t\t\t\t<div class=\"elementor-element elementor-element-7ecb25d elementor-widget elementor-widget-text-editor\" data-id=\"7ecb25d\" data-element_type=\"widget\" data-widget_type=\"text-editor.default\">\n\t\t\t\t\t\t\t\t\t<p>Contact us for a non-binding discussion \u2014 we\u2019ll find a solution that suits your business.<\/p>\t\t\t\t\t\t\t\t<\/div>\n\t\t\t\t<div class=\"elementor-element elementor-element-f429b82 elementor-widget elementor-widget-rt-button\" data-id=\"f429b82\" data-element_type=\"widget\" data-widget_type=\"rt-button.default\">\n\t\t\t\t<div class=\"elementor-widget-container\">\n\t\t\t\t\t          \r\n          <a class=\"rts__main__btn\" href=\"\/en\/kontakt\/\" data-hover=\"Kontakt oss\">\r\n          <span>Contact us<\/span>\r\n          <\/a>\t\t\t\t<\/div>\n\t\t\t\t<\/div>\n\t\t\t\t<\/div>\n\t\t\t\t<\/div>\n\t\t\t\t<\/div>\n\t\t\t\t\t<\/div>\n\t\t\t\t<\/div>\n\t\t\t\t<\/div>","protected":false},"excerpt":{"rendered":"<p>Bedriftsavtaler HjemBedriftsavtaler FOR BEDRIFTER Bedriftsavtaler \u00d8kern Bilpleie tilbyr skreddersydde bedriftsavtaler for selskaper med firmabiler, bilparker og tjenestekj\u00f8ret\u00f8y. Vi tilpasser l\u00f8sningene etter bedriftens behov, biltyper og bruksm\u00f8nster \u2013 enten dere har \u00e9n firmabil eller en st\u00f8rre bilpark. Med en fast bedriftsavtale hos oss f\u00e5r dere: Forutsigbare priser og fleksible avtaler Profesjonell bilvask og bilpleie utf\u00f8rt av&#8230;<\/p>","protected":false},"author":1,"featured_media":0,"parent":0,"menu_order":0,"comment_status":"closed","ping_status":"closed","template":"elementor_header_footer","meta":{"footnotes":""},"class_list":["post-4012","page","type-page","status-publish","hentry"],"_links":{"self":[{"href":"https:\/\/okernbilpleie.no\/en\/wp-json\/wp\/v2\/pages\/4012","targetHints":{"allow":["GET"]}}],"collection":[{"href":"https:\/\/okernbilpleie.no\/en\/wp-json\/wp\/v2\/pages"}],"about":[{"href":"https:\/\/okernbilpleie.no\/en\/wp-json\/wp\/v2\/types\/page"}],"author":[{"embeddable":true,"href":"https:\/\/okernbilpleie.no\/en\/wp-json\/wp\/v2\/users\/1"}],"replies":[{"embeddable":true,"href":"https:\/\/okernbilpleie.no\/en\/wp-json\/wp\/v2\/comments?post=4012"}],"version-history":[{"count":7,"href":"https:\/\/okernbilpleie.no\/en\/wp-json\/wp\/v2\/pages\/4012\/revisions"}],"predecessor-version":[{"id":4110,"href":"https:\/\/okernbilpleie.no\/en\/wp-json\/wp\/v2\/pages\/4012\/revisions\/4110"}],"wp:attachment":[{"href":"https:\/\/okernbilpleie.no\/en\/wp-json\/wp\/v2\/media?parent=4012"}],"curies":[{"name":"wp","href":"https:\/\/api.w.org\/{rel}","templated":true}]}}