{"id":51,"date":"2025-07-21T05:10:15","date_gmt":"2025-07-21T05:10:15","guid":{"rendered":"http:\/\/localhost:10064\/?page_id=51"},"modified":"2026-02-05T11:47:15","modified_gmt":"2026-02-05T11:47:15","slug":"kontakt","status":"publish","type":"page","link":"https:\/\/okernbilpleie.no\/en\/kontakt\/","title":{"rendered":"Contact us"},"content":{"rendered":"<div data-elementor-type=\"wp-page\" data-elementor-id=\"51\" class=\"elementor elementor-51\">\n\t\t\t\t<div class=\"elementor-element elementor-element-76fa830d e-flex e-con-boxed e-con e-parent\" data-id=\"76fa830d\" data-element_type=\"container\" data-settings=\"{&quot;background_background&quot;:&quot;classic&quot;}\">\n\t\t\t\t\t<div class=\"e-con-inner\">\n\t\t\t\t<div class=\"elementor-element elementor-element-0298ad6 elementor-widget elementor-widget-rtbreadrumb\" data-id=\"0298ad6\" data-element_type=\"widget\" data-widget_type=\"rtbreadrumb.default\">\n\t\t\t\t<div class=\"elementor-widget-container\">\n\t\t\t\t\t    <div class=\"reactheme-breadcrumb\">\n        <div class=\"breadcrumb-inner\">\n            <div class=\"reactheme_page_title wow fadeInUp\" data-wow-delay=\"ms\" data-wow-duration=\"ms\">\n                <h1 class=\"page-title\"><\/h1>\n            <\/div>\n\n            <div class=\"breadcrumb-path wow fadeInUp\" data-wow-delay=\"ms\" data-wow-duration=\"ms\">\n                <a href=\"https:\/\/okernbilpleie.no\/en\/\">Hjem<\/a>            <\/div>\n        <\/div>\n    <\/div>\n\t\t\t\t<\/div>\n\t\t\t\t<\/div>\n\t\t\t\t\t<\/div>\n\t\t\t\t<\/div>\n\t\t<div class=\"elementor-element elementor-element-9eadd8d e-flex e-con-boxed e-con e-parent\" data-id=\"9eadd8d\" data-element_type=\"container\" data-settings=\"{&quot;background_background&quot;:&quot;classic&quot;}\">\n\t\t\t\t\t<div class=\"e-con-inner\">\n\t\t<div class=\"elementor-element elementor-element-0c9ec2a e-con-full e-flex e-con e-child\" data-id=\"0c9ec2a\" data-element_type=\"container\" data-settings=\"{&quot;background_background&quot;:&quot;classic&quot;}\">\n\t\t\t\t<div class=\"elementor-element elementor-element-80e2397 elementor-widget elementor-widget-html\" data-id=\"80e2397\" data-element_type=\"widget\" data-widget_type=\"html.default\">\n\t\t\t\t\t<iframe class='contact-map' src=\"https:\/\/www.google.com\/maps\/embed?pb=!1m18!1m12!1m3!1d1999.4198182053985!2d10.7969313!3d59.925175700000004!2m3!1f0!2f0!3f0!3m2!1i1024!2i768!4f13.1!3m3!1m2!1s0x46416f82c5026e6d%3A0xa2afff059131ab86!2s%C3%98kern%20Bilpleie%20As!5e0!3m2!1sen!2sno!4v1769761047640!5m2!1sen!2sno\" allowfullscreen=\"\" loading=\"lazy\" referrerpolicy=\"no-referrer-when-downgrade\"><\/iframe>\t\t\t\t<\/div>\n\t\t\t\t<\/div>\n\t\t<div class=\"elementor-element elementor-element-45e174c e-con-full e-flex e-con e-child\" data-id=\"45e174c\" data-element_type=\"container\" data-settings=\"{&quot;background_background&quot;:&quot;classic&quot;}\">\n\t\t\t\t<div class=\"elementor-element elementor-element-4b1fb61 elementor-widget elementor-widget-react-heading\" data-id=\"4b1fb61\" data-element_type=\"widget\" data-widget_type=\"react-heading.default\">\n\t\t\t\t<div class=\"elementor-widget-container\">\n\t\t\t\t\t\r\n\t\t<div class=\"react-heading\">\r\n\t\t    <div class=\"rts__section__inner\">\r\n\t\t\t   \r\n\t\t    <h2 class=\"rts__section__title\">Get in touch with us<\/h2>\t\t\t   <div class=\"rts__section__description\"><p>Contact \u00d8kern Bilpleie AS by phone or email for questions, quotes, or booking. We\u2019re happy to help.<\/p><\/div>\t\t    <\/div>\r\n\t\t<\/div>\r\n\t\t\t\t\t\t<\/div>\n\t\t\t\t<\/div>\n\t\t<div class=\"elementor-element elementor-element-f790a7b e-con-full e-flex e-con e-child\" data-id=\"f790a7b\" data-element_type=\"container\" data-settings=\"{&quot;position&quot;:&quot;absolute&quot;}\">\n\t\t\t\t<\/div>\n\t\t<div class=\"elementor-element elementor-element-f96d382 e-con-full e-flex e-con e-child\" data-id=\"f96d382\" data-element_type=\"container\" data-settings=\"{&quot;background_background&quot;:&quot;classic&quot;}\">\n\t\t\t\t<div class=\"elementor-element elementor-element-f86f0ee elementor-widget elementor-widget-heading\" data-id=\"f86f0ee\" data-element_type=\"widget\" data-widget_type=\"heading.default\">\n\t\t\t\t\t<h6 class=\"elementor-heading-title elementor-size-default\">\u00d8kern Bilpleie AS<\/h6>\t\t\t\t<\/div>\n\t\t\t\t<div class=\"elementor-element elementor-element-69af8ed elementor-icon-list--layout-traditional elementor-list-item-link-full_width elementor-widget elementor-widget-icon-list\" data-id=\"69af8ed\" data-element_type=\"widget\" data-widget_type=\"icon-list.default\">\n\t\t\t\t<div class=\"elementor-widget-container\">\n\t\t\t\t\t<ul class=\"elementor-icon-list-items\"><li class=\"elementor-icon-list-item\" ><span class=\"elementor-icon-list-icon\"><i aria-hidden=\"true\" class=\"rt rt-clock-regular\"><\/i><\/span><span class=\"elementor-icon-list-text\">Monday \u2013 Saturday 9:00\u201318:00<\/span><\/li><li class=\"elementor-icon-list-item\" ><span class=\"elementor-icon-list-icon\"><i aria-hidden=\"true\" class=\"rt rt-location-pin\"><\/i><\/span><span class=\"elementor-icon-list-text\">\u00d8kernveien 115, 0579 Oslo<\/span><\/li><li class=\"elementor-icon-list-item\" ><span class=\"elementor-icon-list-icon\"><svg aria-hidden=\"true\" class=\"e-font-icon-svg e-fas-phone-alt\" viewbox=\"0 0 512 512\" xmlns=\"http:\/\/www.w3.org\/2000\/svg\"><path d=\"M497.39 361.8l-112-48a24 24 0 0 0-28 6.9l-49.6 60.6A370.66 370.66 0 0 1 130.6 204.11l60.6-49.6a23.94 23.94 0 0 0 6.9-28l-48-112A24.16 24.16 0 0 0 122.6.61l-104 24A24 24 0 0 0 0 48c0 256.5 207.9 464 464 464a24 24 0 0 0 23.4-18.6l24-104a24.29 24.29 0 0 0-14.01-27.6z\"><\/path><\/svg><\/span><span class=\"elementor-icon-list-text\">+47 94 44 25 24<\/span><\/li><li class=\"elementor-icon-list-item\" ><span class=\"elementor-icon-list-icon\"><svg aria-hidden=\"true\" class=\"e-font-icon-svg e-fas-envelope\" viewbox=\"0 0 512 512\" xmlns=\"http:\/\/www.w3.org\/2000\/svg\"><path d=\"M502.3 190.8c3.9-3.1 9.7-.2 9.7 4.7V400c0 26.5-21.5 48-48 48H48c-26.5 0-48-21.5-48-48V195.6c0-5 5.7-7.8 9.7-4.7 22.4 17.4 52.1 39.5 154.1 113.6 21.1 15.4 56.7 47.8 92.2 47.6 35.7.3 72-32.8 92.3-47.6 102-74.1 131.6-96.3 154-113.7zM256 320c23.2.4 56.6-29.2 73.4-41.4 132.7-96.3 142.8-104.7 173.4-128.7 5.8-4.5 9.2-11.5 9.2-18.9v-19c0-26.5-21.5-48-48-48H48C21.5 64 0 85.5 0 112v19c0 7.4 3.4 14.3 9.2 18.9 30.6 23.9 40.7 32.4 173.4 128.7 16.8 12.2 50.2 41.8 73.4 41.4z\"><\/path><\/svg><\/span><span class=\"elementor-icon-list-text\">post@okernbilpleie.no<\/span><\/li><\/ul>\t\t\t\t<\/div>\n\t\t\t\t<\/div>\n\t\t\t\t<\/div>\n\t\t\t\t<\/div>\n\t\t\t\t\t<\/div>\n\t\t\t\t<\/div>\n\t\t\t\t<\/div>","protected":false},"excerpt":{"rendered":"<p>Hjem Ta kontakt med oss Ta kontakt med \u00d8kern Bilpleie AS p\u00e5 telefon eller e-post for sp\u00f8rsm\u00e5l, tilbud eller timebestilling. Vi hjelper deg gjerne. \u00d8kern Bilpleie AS Mandag \u2013 L\u00f8rdag 9.00 &#8211; 18.00 \u00d8kernveien 115, 0579 Oslo +47 94 44 25 24 post@okernbilpleie.no<\/p>","protected":false},"author":1,"featured_media":0,"parent":0,"menu_order":0,"comment_status":"closed","ping_status":"closed","template":"elementor_header_footer","meta":{"footnotes":""},"class_list":["post-51","page","type-page","status-publish","hentry"],"_links":{"self":[{"href":"https:\/\/okernbilpleie.no\/en\/wp-json\/wp\/v2\/pages\/51","targetHints":{"allow":["GET"]}}],"collection":[{"href":"https:\/\/okernbilpleie.no\/en\/wp-json\/wp\/v2\/pages"}],"about":[{"href":"https:\/\/okernbilpleie.no\/en\/wp-json\/wp\/v2\/types\/page"}],"author":[{"embeddable":true,"href":"https:\/\/okernbilpleie.no\/en\/wp-json\/wp\/v2\/users\/1"}],"replies":[{"embeddable":true,"href":"https:\/\/okernbilpleie.no\/en\/wp-json\/wp\/v2\/comments?post=51"}],"version-history":[{"count":43,"href":"https:\/\/okernbilpleie.no\/en\/wp-json\/wp\/v2\/pages\/51\/revisions"}],"predecessor-version":[{"id":4351,"href":"https:\/\/okernbilpleie.no\/en\/wp-json\/wp\/v2\/pages\/51\/revisions\/4351"}],"wp:attachment":[{"href":"https:\/\/okernbilpleie.no\/en\/wp-json\/wp\/v2\/media?parent=51"}],"curies":[{"name":"wp","href":"https:\/\/api.w.org\/{rel}","templated":true}]}}